{"id":1722,"date":"2023-10-23T18:24:35","date_gmt":"2023-10-23T18:24:35","guid":{"rendered":"https:\/\/nenabebe.pl\/?post_type=product&#038;p=1722"},"modified":"2025-07-04T13:55:37","modified_gmt":"2025-07-04T13:55:37","slug":"rajstopa-niemowleca-azurowa","status":"publish","type":"product","link":"https:\/\/nenabebe.pl\/en\/shop\/tights\/openwork\/rajstopa-niemowleca-azurowa\/","title":{"rendered":"Rajstopa niemowl\u0119ca a\u017curowa"},"content":{"rendered":"<p data-start=\"132\" data-end=\"367\"><strong data-start=\"132\" data-end=\"150\">Opis produktu:<\/strong><br data-start=\"150\" data-end=\"153\" \/>Delikatne i przewiewne \u2013 nasze <strong data-start=\"184\" data-end=\"215\">a\u017curowe rajstopy niemowl\u0119ce<\/strong> zosta\u0142y stworzone z my\u015bl\u0105 o komforcie najm\u0142odszych maluszk\u00f3w. Wykonane z mi\u0119kkiej bawe\u0142ny, zapewniaj\u0105 odpowiedni\u0105 wentylacj\u0119 i wygod\u0119 przez ca\u0142y dzie\u0144.<\/p>\n<hr data-start=\"369\" data-end=\"372\" \/>\n<p data-start=\"374\" data-end=\"639\"><strong data-start=\"374\" data-end=\"393\">Cechy produktu:<\/strong><br data-start=\"393\" data-end=\"396\" \/>\u2705 Naturalna bawe\u0142na \u2013 mi\u0119kka, oddychaj\u0105ca i bezpieczna dla delikatnej sk\u00f3ry niemowl\u0105t<br data-start=\"481\" data-end=\"484\" \/>\u2705 A\u017curowy wz\u00f3r \u2013 subtelny, elegancki i bardzo stylowy<br data-start=\"537\" data-end=\"540\" \/>\u2705 Elastyczne i dobrze dopasowane \u2013 nie uciskaj\u0105 brzuszka ani n\u00f3\u017cek<br data-start=\"606\" data-end=\"609\" \/>\u2705 Idealne na ka\u017cd\u0105 por\u0119 roku<\/p>\n","protected":false},"excerpt":{"rendered":"<p><img fetchpriority=\"high\" decoding=\"async\" class=\"aligncenter size-full wp-image-3240\" src=\"https:\/\/nenabebe.pl\/wp-content\/uploads\/2023\/10\/rajstopy-azur.jpg\" alt=\"\" width=\"1730\" height=\"862\" srcset=\"https:\/\/nenabebe.pl\/wp-content\/uploads\/2023\/10\/rajstopy-azur.jpg 1730w, https:\/\/nenabebe.pl\/wp-content\/uploads\/2023\/10\/rajstopy-azur-300x149.jpg 300w, https:\/\/nenabebe.pl\/wp-content\/uploads\/2023\/10\/rajstopy-azur-1024x510.jpg 1024w, https:\/\/nenabebe.pl\/wp-content\/uploads\/2023\/10\/rajstopy-azur-768x383.jpg 768w, https:\/\/nenabebe.pl\/wp-content\/uploads\/2023\/10\/rajstopy-azur-1536x765.jpg 1536w, https:\/\/nenabebe.pl\/wp-content\/uploads\/2023\/10\/rajstopy-azur-1320x658.jpg 1320w, https:\/\/nenabebe.pl\/wp-content\/uploads\/2023\/10\/rajstopy-azur-600x299.jpg 600w\" sizes=\"(max-width: 1730px) 100vw, 1730px\" \/><\/p>\n","protected":false},"featured_media":4906,"comment_status":"open","ping_status":"closed","template":"","meta":{"site-sidebar-layout":"default","site-content-layout":"","ast-site-content-layout":"default","site-content-style":"default","site-sidebar-style":"default","ast-global-header-display":"","ast-banner-title-visibility":"","ast-main-header-display":"","ast-hfb-above-header-display":"","ast-hfb-below-header-display":"","ast-hfb-mobile-header-display":"","site-post-title":"","ast-breadcrumbs-content":"","ast-featured-img":"","footer-sml-layout":"","theme-transparent-header-meta":"default","adv-header-id-meta":"","stick-header-meta":"","header-above-stick-meta":"","header-main-stick-meta":"","header-below-stick-meta":"","astra-migrate-meta-layouts":"set","ast-page-background-enabled":"default","ast-page-background-meta":{"desktop":{"background-color":"","background-image":"","background-repeat":"repeat","background-position":"center center","background-size":"auto","background-attachment":"scroll","background-type":"","background-media":"","overlay-type":"","overlay-color":"","overlay-opacity":"","overlay-gradient":""},"tablet":{"background-color":"","background-image":"","background-repeat":"repeat","background-position":"center center","background-size":"auto","background-attachment":"scroll","background-type":"","background-media":"","overlay-type":"","overlay-color":"","overlay-opacity":"","overlay-gradient":""},"mobile":{"background-color":"","background-image":"","background-repeat":"repeat","background-position":"center center","background-size":"auto","background-attachment":"scroll","background-type":"","background-media":"","overlay-type":"","overlay-color":"","overlay-opacity":"","overlay-gradient":""}},"ast-content-background-meta":{"desktop":{"background-color":"var(--ast-global-color-5)","background-image":"","background-repeat":"repeat","background-position":"center center","background-size":"auto","background-attachment":"scroll","background-type":"","background-media":"","overlay-type":"","overlay-color":"","overlay-opacity":"","overlay-gradient":""},"tablet":{"background-color":"var(--ast-global-color-5)","background-image":"","background-repeat":"repeat","background-position":"center center","background-size":"auto","background-attachment":"scroll","background-type":"","background-media":"","overlay-type":"","overlay-color":"","overlay-opacity":"","overlay-gradient":""},"mobile":{"background-color":"var(--ast-global-color-5)","background-image":"","background-repeat":"repeat","background-position":"center center","background-size":"auto","background-attachment":"scroll","background-type":"","background-media":"","overlay-type":"","overlay-color":"","overlay-opacity":"","overlay-gradient":""}}},"product_brand":[],"product_cat":[60,59],"product_tag":[],"class_list":{"0":"post-1722","1":"product","2":"type-product","3":"status-publish","4":"has-post-thumbnail","6":"product_cat-azurowe","7":"product_cat-rajstopy","8":"desktop-align-center","9":"tablet-align-left","10":"mobile-align-left","12":"first","13":"instock","14":"shipping-taxable","15":"purchasable","16":"product-type-variable"},"yoast_head":"<!-- This site is optimized with the Yoast SEO plugin v22.8 - https:\/\/yoast.com\/wordpress\/plugins\/seo\/ -->\n<title>Rajstopa niemowl\u0119ca a\u017curowa - Nenabebe<\/title>\n<meta name=\"robots\" content=\"index, follow, max-snippet:-1, max-image-preview:large, max-video-preview:-1\" \/>\n<link rel=\"canonical\" href=\"https:\/\/nenabebe.pl\/shop\/rajstopy\/azurowe\/rajstopa-niemowleca-azurowa\/\" \/>\n<meta property=\"og:locale\" content=\"en_US\" \/>\n<meta property=\"og:type\" content=\"article\" \/>\n<meta property=\"og:title\" content=\"Rajstopa niemowl\u0119ca a\u017curowa - Nenabebe\" \/>\n<meta property=\"og:url\" content=\"https:\/\/nenabebe.pl\/shop\/rajstopy\/azurowe\/rajstopa-niemowleca-azurowa\/\" \/>\n<meta property=\"og:site_name\" content=\"Nenabebe\" \/>\n<meta property=\"article:modified_time\" content=\"2025-07-04T13:55:37+00:00\" \/>\n<meta property=\"og:image\" content=\"https:\/\/nenabebe.pl\/wp-content\/uploads\/2023\/10\/IMG_8977.jpg\" \/>\n\t<meta property=\"og:image:width\" content=\"1284\" \/>\n\t<meta property=\"og:image:height\" content=\"1925\" \/>\n\t<meta property=\"og:image:type\" content=\"image\/jpeg\" \/>\n<meta name=\"twitter:card\" content=\"summary_large_image\" \/>\n<meta name=\"twitter:label1\" content=\"Est. reading time\" \/>\n\t<meta name=\"twitter:data1\" content=\"1 minute\" \/>\n<script type=\"application\/ld+json\" class=\"yoast-schema-graph\">{\"@context\":\"https:\/\/schema.org\",\"@graph\":[{\"@type\":\"WebPage\",\"@id\":\"https:\/\/nenabebe.pl\/shop\/rajstopy\/azurowe\/rajstopa-niemowleca-azurowa\/\",\"url\":\"https:\/\/nenabebe.pl\/shop\/rajstopy\/azurowe\/rajstopa-niemowleca-azurowa\/\",\"name\":\"Rajstopa niemowl\u0119ca a\u017curowa - Nenabebe\",\"isPartOf\":{\"@id\":\"https:\/\/nenabebe.pl\/#website\"},\"primaryImageOfPage\":{\"@id\":\"https:\/\/nenabebe.pl\/shop\/rajstopy\/azurowe\/rajstopa-niemowleca-azurowa\/#primaryimage\"},\"image\":{\"@id\":\"https:\/\/nenabebe.pl\/shop\/rajstopy\/azurowe\/rajstopa-niemowleca-azurowa\/#primaryimage\"},\"thumbnailUrl\":\"https:\/\/nenabebe.pl\/wp-content\/uploads\/2023\/10\/IMG_8977.jpg\",\"datePublished\":\"2023-10-23T18:24:35+00:00\",\"dateModified\":\"2025-07-04T13:55:37+00:00\",\"breadcrumb\":{\"@id\":\"https:\/\/nenabebe.pl\/shop\/rajstopy\/azurowe\/rajstopa-niemowleca-azurowa\/#breadcrumb\"},\"inLanguage\":\"en-US\",\"potentialAction\":[{\"@type\":\"ReadAction\",\"target\":[\"https:\/\/nenabebe.pl\/shop\/rajstopy\/azurowe\/rajstopa-niemowleca-azurowa\/\"]}]},{\"@type\":\"ImageObject\",\"inLanguage\":\"en-US\",\"@id\":\"https:\/\/nenabebe.pl\/shop\/rajstopy\/azurowe\/rajstopa-niemowleca-azurowa\/#primaryimage\",\"url\":\"https:\/\/nenabebe.pl\/wp-content\/uploads\/2023\/10\/IMG_8977.jpg\",\"contentUrl\":\"https:\/\/nenabebe.pl\/wp-content\/uploads\/2023\/10\/IMG_8977.jpg\",\"width\":1284,\"height\":1925},{\"@type\":\"BreadcrumbList\",\"@id\":\"https:\/\/nenabebe.pl\/shop\/rajstopy\/azurowe\/rajstopa-niemowleca-azurowa\/#breadcrumb\",\"itemListElement\":[{\"@type\":\"ListItem\",\"position\":1,\"name\":\"Strona g\u0142\u00f3wna\",\"item\":\"https:\/\/nenabebe.pl\/\"},{\"@type\":\"ListItem\",\"position\":2,\"name\":\"Shop\",\"item\":\"https:\/\/nenabebe.pl\/shop\/\"},{\"@type\":\"ListItem\",\"position\":3,\"name\":\"Rajstopa niemowl\u0119ca a\u017curowa\"}]},{\"@type\":\"WebSite\",\"@id\":\"https:\/\/nenabebe.pl\/#website\",\"url\":\"https:\/\/nenabebe.pl\/\",\"name\":\"Nenabebe\",\"description\":\"\",\"publisher\":{\"@id\":\"https:\/\/nenabebe.pl\/#organization\"},\"potentialAction\":[{\"@type\":\"SearchAction\",\"target\":{\"@type\":\"EntryPoint\",\"urlTemplate\":\"https:\/\/nenabebe.pl\/?s={search_term_string}\"},\"query-input\":\"required name=search_term_string\"}],\"inLanguage\":\"en-US\"},{\"@type\":\"Organization\",\"@id\":\"https:\/\/nenabebe.pl\/#organization\",\"name\":\"Nenabebe\",\"url\":\"https:\/\/nenabebe.pl\/\",\"logo\":{\"@type\":\"ImageObject\",\"inLanguage\":\"en-US\",\"@id\":\"https:\/\/nenabebe.pl\/#\/schema\/logo\/image\/\",\"url\":\"https:\/\/nenabebe.pl\/wp-content\/uploads\/2023\/10\/cropped-272435331_153866870320698_726710309931671166_n.jpg\",\"contentUrl\":\"https:\/\/nenabebe.pl\/wp-content\/uploads\/2023\/10\/cropped-272435331_153866870320698_726710309931671166_n.jpg\",\"width\":957,\"height\":702,\"caption\":\"Nenabebe\"},\"image\":{\"@id\":\"https:\/\/nenabebe.pl\/#\/schema\/logo\/image\/\"}}]}<\/script>\n<!-- \/ Yoast SEO plugin. -->","yoast_head_json":{"title":"Rajstopa niemowl\u0119ca a\u017curowa - Nenabebe","robots":{"index":"index","follow":"follow","max-snippet":"max-snippet:-1","max-image-preview":"max-image-preview:large","max-video-preview":"max-video-preview:-1"},"canonical":"https:\/\/nenabebe.pl\/shop\/rajstopy\/azurowe\/rajstopa-niemowleca-azurowa\/","og_locale":"en_US","og_type":"article","og_title":"Rajstopa niemowl\u0119ca a\u017curowa - Nenabebe","og_url":"https:\/\/nenabebe.pl\/shop\/rajstopy\/azurowe\/rajstopa-niemowleca-azurowa\/","og_site_name":"Nenabebe","article_modified_time":"2025-07-04T13:55:37+00:00","og_image":[{"width":1284,"height":1925,"url":"https:\/\/nenabebe.pl\/wp-content\/uploads\/2023\/10\/IMG_8977.jpg","type":"image\/jpeg"}],"twitter_card":"summary_large_image","twitter_misc":{"Est. reading time":"1 minute"},"schema":{"@context":"https:\/\/schema.org","@graph":[{"@type":"WebPage","@id":"https:\/\/nenabebe.pl\/shop\/rajstopy\/azurowe\/rajstopa-niemowleca-azurowa\/","url":"https:\/\/nenabebe.pl\/shop\/rajstopy\/azurowe\/rajstopa-niemowleca-azurowa\/","name":"Rajstopa niemowl\u0119ca a\u017curowa - Nenabebe","isPartOf":{"@id":"https:\/\/nenabebe.pl\/#website"},"primaryImageOfPage":{"@id":"https:\/\/nenabebe.pl\/shop\/rajstopy\/azurowe\/rajstopa-niemowleca-azurowa\/#primaryimage"},"image":{"@id":"https:\/\/nenabebe.pl\/shop\/rajstopy\/azurowe\/rajstopa-niemowleca-azurowa\/#primaryimage"},"thumbnailUrl":"https:\/\/nenabebe.pl\/wp-content\/uploads\/2023\/10\/IMG_8977.jpg","datePublished":"2023-10-23T18:24:35+00:00","dateModified":"2025-07-04T13:55:37+00:00","breadcrumb":{"@id":"https:\/\/nenabebe.pl\/shop\/rajstopy\/azurowe\/rajstopa-niemowleca-azurowa\/#breadcrumb"},"inLanguage":"en-US","potentialAction":[{"@type":"ReadAction","target":["https:\/\/nenabebe.pl\/shop\/rajstopy\/azurowe\/rajstopa-niemowleca-azurowa\/"]}]},{"@type":"ImageObject","inLanguage":"en-US","@id":"https:\/\/nenabebe.pl\/shop\/rajstopy\/azurowe\/rajstopa-niemowleca-azurowa\/#primaryimage","url":"https:\/\/nenabebe.pl\/wp-content\/uploads\/2023\/10\/IMG_8977.jpg","contentUrl":"https:\/\/nenabebe.pl\/wp-content\/uploads\/2023\/10\/IMG_8977.jpg","width":1284,"height":1925},{"@type":"BreadcrumbList","@id":"https:\/\/nenabebe.pl\/shop\/rajstopy\/azurowe\/rajstopa-niemowleca-azurowa\/#breadcrumb","itemListElement":[{"@type":"ListItem","position":1,"name":"Strona g\u0142\u00f3wna","item":"https:\/\/nenabebe.pl\/"},{"@type":"ListItem","position":2,"name":"Shop","item":"https:\/\/nenabebe.pl\/shop\/"},{"@type":"ListItem","position":3,"name":"Rajstopa niemowl\u0119ca a\u017curowa"}]},{"@type":"WebSite","@id":"https:\/\/nenabebe.pl\/#website","url":"https:\/\/nenabebe.pl\/","name":"Nenabebe","description":"","publisher":{"@id":"https:\/\/nenabebe.pl\/#organization"},"potentialAction":[{"@type":"SearchAction","target":{"@type":"EntryPoint","urlTemplate":"https:\/\/nenabebe.pl\/?s={search_term_string}"},"query-input":"required name=search_term_string"}],"inLanguage":"en-US"},{"@type":"Organization","@id":"https:\/\/nenabebe.pl\/#organization","name":"Nenabebe","url":"https:\/\/nenabebe.pl\/","logo":{"@type":"ImageObject","inLanguage":"en-US","@id":"https:\/\/nenabebe.pl\/#\/schema\/logo\/image\/","url":"https:\/\/nenabebe.pl\/wp-content\/uploads\/2023\/10\/cropped-272435331_153866870320698_726710309931671166_n.jpg","contentUrl":"https:\/\/nenabebe.pl\/wp-content\/uploads\/2023\/10\/cropped-272435331_153866870320698_726710309931671166_n.jpg","width":957,"height":702,"caption":"Nenabebe"},"image":{"@id":"https:\/\/nenabebe.pl\/#\/schema\/logo\/image\/"}}]}},"jetpack_sharing_enabled":true,"_links":{"self":[{"href":"https:\/\/nenabebe.pl\/en\/wp-json\/wp\/v2\/product\/1722","targetHints":{"allow":["GET"]}}],"collection":[{"href":"https:\/\/nenabebe.pl\/en\/wp-json\/wp\/v2\/product"}],"about":[{"href":"https:\/\/nenabebe.pl\/en\/wp-json\/wp\/v2\/types\/product"}],"replies":[{"embeddable":true,"href":"https:\/\/nenabebe.pl\/en\/wp-json\/wp\/v2\/comments?post=1722"}],"wp:featuredmedia":[{"embeddable":true,"href":"https:\/\/nenabebe.pl\/en\/wp-json\/wp\/v2\/media\/4906"}],"wp:attachment":[{"href":"https:\/\/nenabebe.pl\/en\/wp-json\/wp\/v2\/media?parent=1722"}],"wp:term":[{"taxonomy":"product_brand","embeddable":true,"href":"https:\/\/nenabebe.pl\/en\/wp-json\/wp\/v2\/product_brand?post=1722"},{"taxonomy":"product_cat","embeddable":true,"href":"https:\/\/nenabebe.pl\/en\/wp-json\/wp\/v2\/product_cat?post=1722"},{"taxonomy":"product_tag","embeddable":true,"href":"https:\/\/nenabebe.pl\/en\/wp-json\/wp\/v2\/product_tag?post=1722"}],"curies":[{"name":"wp","href":"https:\/\/api.w.org\/{rel}","templated":true}]}}