{"id":5448,"date":"2024-01-28T18:50:51","date_gmt":"2024-01-28T18:50:51","guid":{"rendered":"https:\/\/nenabebe.pl\/?post_type=product&#038;p=5448"},"modified":"2024-01-28T18:52:22","modified_gmt":"2024-01-28T18:52:22","slug":"mini-skrzydelka-gumka-do-wlosow","status":"publish","type":"product","link":"https:\/\/nenabebe.pl\/en\/shop\/hair-accessories\/mini-skrzydelka-gumka-do-wlosow\/","title":{"rendered":"Mini Skrzyde\u0142ka gumka do w\u0142os\u00f3w"},"content":{"rendered":"","protected":false},"excerpt":{"rendered":"<p>Nasze pi\u0119kne bia\u0142e jak \u015bnieg skrzyde\u0142ka wraz z gumk\u0105 do w\u0142os\u00f3w \u015bwietnie uzupe\u0142ni\u0105 ka\u017cd\u0105 karnawa\u0142ow\u0105 \u00a0stylizacje waszych \u00a0najpi\u0119kniejszych pociech.<\/p>\n<p>Gumka do w\u0142os\u00f3w w jednym rozmiarze \u015bwietnie dopasowuje si\u0119 do wszystkich rodzaj\u00f3w w\u0142os\u00f3w.<\/p>\n<p>Wszystkie Skrzyde\u0142ka s\u0105 przyszywane \u00a0r\u0119cznie. Nie u\u017cywamy kleju w produkcji co pozwala na zachowanie wysokiej jako\u015bci i wysokiemu komfortowi w u\u017cytkowaniu.<\/p>\n","protected":false},"featured_media":5449,"comment_status":"open","ping_status":"closed","template":"","meta":{"site-sidebar-layout":"default","site-content-layout":"","ast-site-content-layout":"default","site-content-style":"default","site-sidebar-style":"default","ast-global-header-display":"","ast-banner-title-visibility":"","ast-main-header-display":"","ast-hfb-above-header-display":"","ast-hfb-below-header-display":"","ast-hfb-mobile-header-display":"","site-post-title":"","ast-breadcrumbs-content":"","ast-featured-img":"","footer-sml-layout":"","theme-transparent-header-meta":"default","adv-header-id-meta":"","stick-header-meta":"","header-above-stick-meta":"","header-main-stick-meta":"","header-below-stick-meta":"","astra-migrate-meta-layouts":"set","ast-page-background-enabled":"default","ast-page-background-meta":{"desktop":{"background-color":"","background-image":"","background-repeat":"repeat","background-position":"center center","background-size":"auto","background-attachment":"scroll","background-type":"","background-media":"","overlay-type":"","overlay-color":"","overlay-opacity":"","overlay-gradient":""},"tablet":{"background-color":"","background-image":"","background-repeat":"repeat","background-position":"center center","background-size":"auto","background-attachment":"scroll","background-type":"","background-media":"","overlay-type":"","overlay-color":"","overlay-opacity":"","overlay-gradient":""},"mobile":{"background-color":"","background-image":"","background-repeat":"repeat","background-position":"center center","background-size":"auto","background-attachment":"scroll","background-type":"","background-media":"","overlay-type":"","overlay-color":"","overlay-opacity":"","overlay-gradient":""}},"ast-content-background-meta":{"desktop":{"background-color":"var(--ast-global-color-5)","background-image":"","background-repeat":"repeat","background-position":"center center","background-size":"auto","background-attachment":"scroll","background-type":"","background-media":"","overlay-type":"","overlay-color":"","overlay-opacity":"","overlay-gradient":""},"tablet":{"background-color":"var(--ast-global-color-5)","background-image":"","background-repeat":"repeat","background-position":"center center","background-size":"auto","background-attachment":"scroll","background-type":"","background-media":"","overlay-type":"","overlay-color":"","overlay-opacity":"","overlay-gradient":""},"mobile":{"background-color":"var(--ast-global-color-5)","background-image":"","background-repeat":"repeat","background-position":"center center","background-size":"auto","background-attachment":"scroll","background-type":"","background-media":"","overlay-type":"","overlay-color":"","overlay-opacity":"","overlay-gradient":""}}},"product_brand":[],"product_cat":[68],"product_tag":[],"class_list":{"0":"post-5448","1":"product","2":"type-product","3":"status-publish","4":"has-post-thumbnail","6":"product_cat-akcecoria-do-wlosow","7":"desktop-align-center","8":"tablet-align-left","9":"mobile-align-left","11":"first","12":"instock","13":"shipping-taxable","14":"purchasable","15":"product-type-variable"},"yoast_head":"<!-- This site is optimized with the Yoast SEO plugin v22.8 - https:\/\/yoast.com\/wordpress\/plugins\/seo\/ -->\n<title>Mini Skrzyde\u0142ka gumka do w\u0142os\u00f3w - Nenabebe<\/title>\n<meta name=\"robots\" content=\"index, follow, max-snippet:-1, max-image-preview:large, max-video-preview:-1\" \/>\n<link rel=\"canonical\" href=\"https:\/\/nenabebe.pl\/shop\/akcecoria-do-wlosow\/mini-skrzydelka-gumka-do-wlosow\/\" \/>\n<meta property=\"og:locale\" content=\"en_US\" \/>\n<meta property=\"og:type\" content=\"article\" \/>\n<meta property=\"og:title\" content=\"Mini Skrzyde\u0142ka gumka do w\u0142os\u00f3w - Nenabebe\" \/>\n<meta property=\"og:description\" content=\"Nasze pi\u0119kne bia\u0142e jak \u015bnieg skrzyde\u0142ka wraz z gumk\u0105 do w\u0142os\u00f3w \u015bwietnie uzupe\u0142ni\u0105 ka\u017cd\u0105 karnawa\u0142ow\u0105 \u00a0stylizacje waszych \u00a0najpi\u0119kniejszych pociech.  Gumka do w\u0142os\u00f3w w jednym rozmiarze \u015bwietnie dopasowuje si\u0119 do wszystkich rodzaj\u00f3w w\u0142os\u00f3w.  Wszystkie Skrzyde\u0142ka s\u0105 przyszywane \u00a0r\u0119cznie. Nie u\u017cywamy kleju w produkcji co pozwala na zachowanie wysokiej jako\u015bci i wysokiemu komfortowi w u\u017cytkowaniu.\" \/>\n<meta property=\"og:url\" content=\"https:\/\/nenabebe.pl\/shop\/akcecoria-do-wlosow\/mini-skrzydelka-gumka-do-wlosow\/\" \/>\n<meta property=\"og:site_name\" content=\"Nenabebe\" \/>\n<meta property=\"article:modified_time\" content=\"2024-01-28T18:52:22+00:00\" \/>\n<meta property=\"og:image\" content=\"https:\/\/nenabebe.pl\/wp-content\/uploads\/2024\/01\/8aaa8f92-e8cd-4524-a96c-c547a8e5d8af.jpg\" \/>\n\t<meta property=\"og:image:width\" content=\"1543\" \/>\n\t<meta property=\"og:image:height\" content=\"1600\" \/>\n\t<meta property=\"og:image:type\" content=\"image\/jpeg\" \/>\n<meta name=\"twitter:card\" content=\"summary_large_image\" \/>\n<script type=\"application\/ld+json\" class=\"yoast-schema-graph\">{\"@context\":\"https:\/\/schema.org\",\"@graph\":[{\"@type\":\"WebPage\",\"@id\":\"https:\/\/nenabebe.pl\/shop\/akcecoria-do-wlosow\/mini-skrzydelka-gumka-do-wlosow\/\",\"url\":\"https:\/\/nenabebe.pl\/shop\/akcecoria-do-wlosow\/mini-skrzydelka-gumka-do-wlosow\/\",\"name\":\"Mini Skrzyde\u0142ka gumka do w\u0142os\u00f3w - Nenabebe\",\"isPartOf\":{\"@id\":\"https:\/\/nenabebe.pl\/#website\"},\"primaryImageOfPage\":{\"@id\":\"https:\/\/nenabebe.pl\/shop\/akcecoria-do-wlosow\/mini-skrzydelka-gumka-do-wlosow\/#primaryimage\"},\"image\":{\"@id\":\"https:\/\/nenabebe.pl\/shop\/akcecoria-do-wlosow\/mini-skrzydelka-gumka-do-wlosow\/#primaryimage\"},\"thumbnailUrl\":\"https:\/\/nenabebe.pl\/wp-content\/uploads\/2024\/01\/8aaa8f92-e8cd-4524-a96c-c547a8e5d8af.jpg\",\"datePublished\":\"2024-01-28T18:50:51+00:00\",\"dateModified\":\"2024-01-28T18:52:22+00:00\",\"breadcrumb\":{\"@id\":\"https:\/\/nenabebe.pl\/shop\/akcecoria-do-wlosow\/mini-skrzydelka-gumka-do-wlosow\/#breadcrumb\"},\"inLanguage\":\"en-US\",\"potentialAction\":[{\"@type\":\"ReadAction\",\"target\":[\"https:\/\/nenabebe.pl\/shop\/akcecoria-do-wlosow\/mini-skrzydelka-gumka-do-wlosow\/\"]}]},{\"@type\":\"ImageObject\",\"inLanguage\":\"en-US\",\"@id\":\"https:\/\/nenabebe.pl\/shop\/akcecoria-do-wlosow\/mini-skrzydelka-gumka-do-wlosow\/#primaryimage\",\"url\":\"https:\/\/nenabebe.pl\/wp-content\/uploads\/2024\/01\/8aaa8f92-e8cd-4524-a96c-c547a8e5d8af.jpg\",\"contentUrl\":\"https:\/\/nenabebe.pl\/wp-content\/uploads\/2024\/01\/8aaa8f92-e8cd-4524-a96c-c547a8e5d8af.jpg\",\"width\":1543,\"height\":1600},{\"@type\":\"BreadcrumbList\",\"@id\":\"https:\/\/nenabebe.pl\/shop\/akcecoria-do-wlosow\/mini-skrzydelka-gumka-do-wlosow\/#breadcrumb\",\"itemListElement\":[{\"@type\":\"ListItem\",\"position\":1,\"name\":\"Strona g\u0142\u00f3wna\",\"item\":\"https:\/\/nenabebe.pl\/\"},{\"@type\":\"ListItem\",\"position\":2,\"name\":\"Shop\",\"item\":\"https:\/\/nenabebe.pl\/shop\/\"},{\"@type\":\"ListItem\",\"position\":3,\"name\":\"Mini Skrzyde\u0142ka gumka do w\u0142os\u00f3w\"}]},{\"@type\":\"WebSite\",\"@id\":\"https:\/\/nenabebe.pl\/#website\",\"url\":\"https:\/\/nenabebe.pl\/\",\"name\":\"Nenabebe\",\"description\":\"\",\"publisher\":{\"@id\":\"https:\/\/nenabebe.pl\/#organization\"},\"potentialAction\":[{\"@type\":\"SearchAction\",\"target\":{\"@type\":\"EntryPoint\",\"urlTemplate\":\"https:\/\/nenabebe.pl\/?s={search_term_string}\"},\"query-input\":\"required name=search_term_string\"}],\"inLanguage\":\"en-US\"},{\"@type\":\"Organization\",\"@id\":\"https:\/\/nenabebe.pl\/#organization\",\"name\":\"Nenabebe\",\"url\":\"https:\/\/nenabebe.pl\/\",\"logo\":{\"@type\":\"ImageObject\",\"inLanguage\":\"en-US\",\"@id\":\"https:\/\/nenabebe.pl\/#\/schema\/logo\/image\/\",\"url\":\"https:\/\/nenabebe.pl\/wp-content\/uploads\/2023\/10\/cropped-272435331_153866870320698_726710309931671166_n.jpg\",\"contentUrl\":\"https:\/\/nenabebe.pl\/wp-content\/uploads\/2023\/10\/cropped-272435331_153866870320698_726710309931671166_n.jpg\",\"width\":957,\"height\":702,\"caption\":\"Nenabebe\"},\"image\":{\"@id\":\"https:\/\/nenabebe.pl\/#\/schema\/logo\/image\/\"}}]}<\/script>\n<!-- \/ Yoast SEO plugin. -->","yoast_head_json":{"title":"Mini Skrzyde\u0142ka gumka do w\u0142os\u00f3w - Nenabebe","robots":{"index":"index","follow":"follow","max-snippet":"max-snippet:-1","max-image-preview":"max-image-preview:large","max-video-preview":"max-video-preview:-1"},"canonical":"https:\/\/nenabebe.pl\/shop\/akcecoria-do-wlosow\/mini-skrzydelka-gumka-do-wlosow\/","og_locale":"en_US","og_type":"article","og_title":"Mini Skrzyde\u0142ka gumka do w\u0142os\u00f3w - Nenabebe","og_description":"Nasze pi\u0119kne bia\u0142e jak \u015bnieg skrzyde\u0142ka wraz z gumk\u0105 do w\u0142os\u00f3w \u015bwietnie uzupe\u0142ni\u0105 ka\u017cd\u0105 karnawa\u0142ow\u0105 \u00a0stylizacje waszych \u00a0najpi\u0119kniejszych pociech.  Gumka do w\u0142os\u00f3w w jednym rozmiarze \u015bwietnie dopasowuje si\u0119 do wszystkich rodzaj\u00f3w w\u0142os\u00f3w.  Wszystkie Skrzyde\u0142ka s\u0105 przyszywane \u00a0r\u0119cznie. Nie u\u017cywamy kleju w produkcji co pozwala na zachowanie wysokiej jako\u015bci i wysokiemu komfortowi w u\u017cytkowaniu.","og_url":"https:\/\/nenabebe.pl\/shop\/akcecoria-do-wlosow\/mini-skrzydelka-gumka-do-wlosow\/","og_site_name":"Nenabebe","article_modified_time":"2024-01-28T18:52:22+00:00","og_image":[{"width":1543,"height":1600,"url":"https:\/\/nenabebe.pl\/wp-content\/uploads\/2024\/01\/8aaa8f92-e8cd-4524-a96c-c547a8e5d8af.jpg","type":"image\/jpeg"}],"twitter_card":"summary_large_image","schema":{"@context":"https:\/\/schema.org","@graph":[{"@type":"WebPage","@id":"https:\/\/nenabebe.pl\/shop\/akcecoria-do-wlosow\/mini-skrzydelka-gumka-do-wlosow\/","url":"https:\/\/nenabebe.pl\/shop\/akcecoria-do-wlosow\/mini-skrzydelka-gumka-do-wlosow\/","name":"Mini Skrzyde\u0142ka gumka do w\u0142os\u00f3w - Nenabebe","isPartOf":{"@id":"https:\/\/nenabebe.pl\/#website"},"primaryImageOfPage":{"@id":"https:\/\/nenabebe.pl\/shop\/akcecoria-do-wlosow\/mini-skrzydelka-gumka-do-wlosow\/#primaryimage"},"image":{"@id":"https:\/\/nenabebe.pl\/shop\/akcecoria-do-wlosow\/mini-skrzydelka-gumka-do-wlosow\/#primaryimage"},"thumbnailUrl":"https:\/\/nenabebe.pl\/wp-content\/uploads\/2024\/01\/8aaa8f92-e8cd-4524-a96c-c547a8e5d8af.jpg","datePublished":"2024-01-28T18:50:51+00:00","dateModified":"2024-01-28T18:52:22+00:00","breadcrumb":{"@id":"https:\/\/nenabebe.pl\/shop\/akcecoria-do-wlosow\/mini-skrzydelka-gumka-do-wlosow\/#breadcrumb"},"inLanguage":"en-US","potentialAction":[{"@type":"ReadAction","target":["https:\/\/nenabebe.pl\/shop\/akcecoria-do-wlosow\/mini-skrzydelka-gumka-do-wlosow\/"]}]},{"@type":"ImageObject","inLanguage":"en-US","@id":"https:\/\/nenabebe.pl\/shop\/akcecoria-do-wlosow\/mini-skrzydelka-gumka-do-wlosow\/#primaryimage","url":"https:\/\/nenabebe.pl\/wp-content\/uploads\/2024\/01\/8aaa8f92-e8cd-4524-a96c-c547a8e5d8af.jpg","contentUrl":"https:\/\/nenabebe.pl\/wp-content\/uploads\/2024\/01\/8aaa8f92-e8cd-4524-a96c-c547a8e5d8af.jpg","width":1543,"height":1600},{"@type":"BreadcrumbList","@id":"https:\/\/nenabebe.pl\/shop\/akcecoria-do-wlosow\/mini-skrzydelka-gumka-do-wlosow\/#breadcrumb","itemListElement":[{"@type":"ListItem","position":1,"name":"Strona g\u0142\u00f3wna","item":"https:\/\/nenabebe.pl\/"},{"@type":"ListItem","position":2,"name":"Shop","item":"https:\/\/nenabebe.pl\/shop\/"},{"@type":"ListItem","position":3,"name":"Mini Skrzyde\u0142ka gumka do w\u0142os\u00f3w"}]},{"@type":"WebSite","@id":"https:\/\/nenabebe.pl\/#website","url":"https:\/\/nenabebe.pl\/","name":"Nenabebe","description":"","publisher":{"@id":"https:\/\/nenabebe.pl\/#organization"},"potentialAction":[{"@type":"SearchAction","target":{"@type":"EntryPoint","urlTemplate":"https:\/\/nenabebe.pl\/?s={search_term_string}"},"query-input":"required name=search_term_string"}],"inLanguage":"en-US"},{"@type":"Organization","@id":"https:\/\/nenabebe.pl\/#organization","name":"Nenabebe","url":"https:\/\/nenabebe.pl\/","logo":{"@type":"ImageObject","inLanguage":"en-US","@id":"https:\/\/nenabebe.pl\/#\/schema\/logo\/image\/","url":"https:\/\/nenabebe.pl\/wp-content\/uploads\/2023\/10\/cropped-272435331_153866870320698_726710309931671166_n.jpg","contentUrl":"https:\/\/nenabebe.pl\/wp-content\/uploads\/2023\/10\/cropped-272435331_153866870320698_726710309931671166_n.jpg","width":957,"height":702,"caption":"Nenabebe"},"image":{"@id":"https:\/\/nenabebe.pl\/#\/schema\/logo\/image\/"}}]}},"jetpack_sharing_enabled":true,"_links":{"self":[{"href":"https:\/\/nenabebe.pl\/en\/wp-json\/wp\/v2\/product\/5448","targetHints":{"allow":["GET"]}}],"collection":[{"href":"https:\/\/nenabebe.pl\/en\/wp-json\/wp\/v2\/product"}],"about":[{"href":"https:\/\/nenabebe.pl\/en\/wp-json\/wp\/v2\/types\/product"}],"replies":[{"embeddable":true,"href":"https:\/\/nenabebe.pl\/en\/wp-json\/wp\/v2\/comments?post=5448"}],"wp:featuredmedia":[{"embeddable":true,"href":"https:\/\/nenabebe.pl\/en\/wp-json\/wp\/v2\/media\/5449"}],"wp:attachment":[{"href":"https:\/\/nenabebe.pl\/en\/wp-json\/wp\/v2\/media?parent=5448"}],"wp:term":[{"taxonomy":"product_brand","embeddable":true,"href":"https:\/\/nenabebe.pl\/en\/wp-json\/wp\/v2\/product_brand?post=5448"},{"taxonomy":"product_cat","embeddable":true,"href":"https:\/\/nenabebe.pl\/en\/wp-json\/wp\/v2\/product_cat?post=5448"},{"taxonomy":"product_tag","embeddable":true,"href":"https:\/\/nenabebe.pl\/en\/wp-json\/wp\/v2\/product_tag?post=5448"}],"curies":[{"name":"wp","href":"https:\/\/api.w.org\/{rel}","templated":true}]}}