{"id":5785,"date":"2025-07-04T09:12:08","date_gmt":"2025-07-04T09:12:08","guid":{"rendered":"https:\/\/nenabebe.pl\/?post_type=product&#038;p=5785"},"modified":"2025-10-23T10:13:45","modified_gmt":"2025-10-23T10:13:45","slug":"podkolanowki-z-elegancka-kokardka-klasyczne-czarne","status":"publish","type":"product","link":"https:\/\/nenabebe.pl\/en\/shop\/knee-high-socks\/podkolanowki-z-elegancka-kokardka-klasyczne-czarne\/","title":{"rendered":"Podkolan\u00f3wki z eleganck\u0105 kokardk\u0105- Klasyczne Czarne"},"content":{"rendered":"<p data-start=\"185\" data-end=\"473\"><strong data-start=\"185\" data-end=\"203\">Opis produktu:<\/strong><br data-start=\"203\" data-end=\"206\" \/>Eleganckie i wygodne <strong data-start=\"227\" data-end=\"270\">podkolan\u00f3wki bawe\u0142niane dla dziewczynek<\/strong>, stworzone z my\u015bl\u0105 o wyj\u0105tkowym stylu i codziennym komforcie. Klasyczny fason i pr\u0105\u017ckowana struktura sprawiaj\u0105, \u017ce idealnie komponuj\u0105 si\u0119 z sukienkami i sp\u00f3dniczkami \u2013 na co dzie\u0144 i na specjalne okazje.<\/p>\n<p data-start=\"475\" data-end=\"496\"><strong data-start=\"475\" data-end=\"494\">Cechy produktu:<\/strong><\/p>\n<ul data-start=\"497\" data-end=\"759\">\n<li data-start=\"497\" data-end=\"560\">\n<p data-start=\"499\" data-end=\"560\">\u2705 Naturalna, wysokogatunkowa bawe\u0142na \u2013 mi\u0119kka i oddychaj\u0105ca<\/p>\n<\/li>\n<li data-start=\"561\" data-end=\"613\">\n<p data-start=\"563\" data-end=\"613\">\u2705 Pr\u0105\u017ckowana struktura \u2013 elastyczna i dopasowana<\/p>\n<\/li>\n<li data-start=\"614\" data-end=\"646\">\n<p data-start=\"616\" data-end=\"646\">\u2705 Klasyczny, dziewcz\u0119cy styl<\/p>\n<\/li>\n<li data-start=\"647\" data-end=\"679\">\n<p data-start=\"649\" data-end=\"679\">\u2705 Idealne na ka\u017cd\u0105 por\u0119 roku<\/p>\n<\/li>\n<li data-start=\"680\" data-end=\"721\">\n<p data-start=\"682\" data-end=\"721\">\u2705 Doskona\u0142e do eleganckich stylizacji<\/p>\n<\/li>\n<li data-start=\"722\" data-end=\"759\">\n<p data-start=\"724\" data-end=\"759\">\u2705 Staranne wyko\u0144czenie i trwa\u0142o\u015b\u0107<\/p>\n<\/li>\n<\/ul>\n","protected":false},"excerpt":{"rendered":"<p><img fetchpriority=\"high\" decoding=\"async\" class=\"aligncenter size-full wp-image-3236\" src=\"https:\/\/nenabebe.pl\/wp-content\/uploads\/2023\/10\/podkolanowki-end.jpg\" alt=\"\" width=\"1730\" height=\"862\" srcset=\"https:\/\/nenabebe.pl\/wp-content\/uploads\/2023\/10\/podkolanowki-end.jpg 1730w, https:\/\/nenabebe.pl\/wp-content\/uploads\/2023\/10\/podkolanowki-end-300x149.jpg 300w, https:\/\/nenabebe.pl\/wp-content\/uploads\/2023\/10\/podkolanowki-end-1024x510.jpg 1024w, https:\/\/nenabebe.pl\/wp-content\/uploads\/2023\/10\/podkolanowki-end-768x383.jpg 768w, https:\/\/nenabebe.pl\/wp-content\/uploads\/2023\/10\/podkolanowki-end-1536x765.jpg 1536w, https:\/\/nenabebe.pl\/wp-content\/uploads\/2023\/10\/podkolanowki-end-1320x658.jpg 1320w, https:\/\/nenabebe.pl\/wp-content\/uploads\/2023\/10\/podkolanowki-end-600x299.jpg 600w\" sizes=\"(max-width: 1730px) 100vw, 1730px\" \/><\/p>\n","protected":false},"featured_media":5793,"comment_status":"open","ping_status":"closed","template":"","meta":{"site-sidebar-layout":"default","site-content-layout":"","ast-site-content-layout":"default","site-content-style":"default","site-sidebar-style":"default","ast-global-header-display":"","ast-banner-title-visibility":"","ast-main-header-display":"","ast-hfb-above-header-display":"","ast-hfb-below-header-display":"","ast-hfb-mobile-header-display":"","site-post-title":"","ast-breadcrumbs-content":"","ast-featured-img":"","footer-sml-layout":"","theme-transparent-header-meta":"default","adv-header-id-meta":"","stick-header-meta":"","header-above-stick-meta":"","header-main-stick-meta":"","header-below-stick-meta":"","astra-migrate-meta-layouts":"set","ast-page-background-enabled":"default","ast-page-background-meta":{"desktop":{"background-color":"","background-image":"","background-repeat":"repeat","background-position":"center center","background-size":"auto","background-attachment":"scroll","background-type":"","background-media":"","overlay-type":"","overlay-color":"","overlay-opacity":"","overlay-gradient":""},"tablet":{"background-color":"","background-image":"","background-repeat":"repeat","background-position":"center center","background-size":"auto","background-attachment":"scroll","background-type":"","background-media":"","overlay-type":"","overlay-color":"","overlay-opacity":"","overlay-gradient":""},"mobile":{"background-color":"","background-image":"","background-repeat":"repeat","background-position":"center center","background-size":"auto","background-attachment":"scroll","background-type":"","background-media":"","overlay-type":"","overlay-color":"","overlay-opacity":"","overlay-gradient":""}},"ast-content-background-meta":{"desktop":{"background-color":"var(--ast-global-color-5)","background-image":"","background-repeat":"repeat","background-position":"center center","background-size":"auto","background-attachment":"scroll","background-type":"","background-media":"","overlay-type":"","overlay-color":"","overlay-opacity":"","overlay-gradient":""},"tablet":{"background-color":"var(--ast-global-color-5)","background-image":"","background-repeat":"repeat","background-position":"center center","background-size":"auto","background-attachment":"scroll","background-type":"","background-media":"","overlay-type":"","overlay-color":"","overlay-opacity":"","overlay-gradient":""},"mobile":{"background-color":"var(--ast-global-color-5)","background-image":"","background-repeat":"repeat","background-position":"center center","background-size":"auto","background-attachment":"scroll","background-type":"","background-media":"","overlay-type":"","overlay-color":"","overlay-opacity":"","overlay-gradient":""}}},"product_brand":[],"product_cat":[63],"product_tag":[],"class_list":{"0":"post-5785","1":"product","2":"type-product","3":"status-publish","4":"has-post-thumbnail","6":"product_cat-podkolanowki","7":"desktop-align-center","8":"tablet-align-left","9":"mobile-align-left","11":"first","12":"instock","13":"shipping-taxable","14":"purchasable","15":"product-type-variable"},"yoast_head":"<!-- This site is optimized with the Yoast SEO plugin v22.8 - https:\/\/yoast.com\/wordpress\/plugins\/seo\/ -->\n<title>Podkolan\u00f3wki z eleganck\u0105 kokardk\u0105- Klasyczne Czarne - Nenabebe<\/title>\n<meta name=\"robots\" content=\"index, follow, max-snippet:-1, max-image-preview:large, max-video-preview:-1\" \/>\n<link rel=\"canonical\" href=\"https:\/\/nenabebe.pl\/shop\/podkolanowki\/podkolanowki-z-elegancka-kokardka-klasyczne-czarne\/\" \/>\n<meta property=\"og:locale\" content=\"en_US\" \/>\n<meta property=\"og:type\" content=\"article\" \/>\n<meta property=\"og:title\" content=\"Podkolan\u00f3wki z eleganck\u0105 kokardk\u0105- Klasyczne Czarne - Nenabebe\" \/>\n<meta property=\"og:url\" content=\"https:\/\/nenabebe.pl\/shop\/podkolanowki\/podkolanowki-z-elegancka-kokardka-klasyczne-czarne\/\" \/>\n<meta property=\"og:site_name\" content=\"Nenabebe\" \/>\n<meta property=\"article:modified_time\" content=\"2025-10-23T10:13:45+00:00\" \/>\n<meta property=\"og:image\" content=\"https:\/\/nenabebe.pl\/wp-content\/uploads\/2025\/07\/2043a67f-afa6-4fc4-a5b8-d9af46bfcce4.jpg\" \/>\n\t<meta property=\"og:image:width\" content=\"1036\" \/>\n\t<meta property=\"og:image:height\" content=\"1600\" \/>\n\t<meta property=\"og:image:type\" content=\"image\/jpeg\" \/>\n<meta name=\"twitter:card\" content=\"summary_large_image\" \/>\n<meta name=\"twitter:label1\" content=\"Est. reading time\" \/>\n\t<meta name=\"twitter:data1\" content=\"1 minute\" \/>\n<script type=\"application\/ld+json\" class=\"yoast-schema-graph\">{\"@context\":\"https:\/\/schema.org\",\"@graph\":[{\"@type\":\"WebPage\",\"@id\":\"https:\/\/nenabebe.pl\/shop\/podkolanowki\/podkolanowki-z-elegancka-kokardka-klasyczne-czarne\/\",\"url\":\"https:\/\/nenabebe.pl\/shop\/podkolanowki\/podkolanowki-z-elegancka-kokardka-klasyczne-czarne\/\",\"name\":\"Podkolan\u00f3wki z eleganck\u0105 kokardk\u0105- Klasyczne Czarne - Nenabebe\",\"isPartOf\":{\"@id\":\"https:\/\/nenabebe.pl\/#website\"},\"primaryImageOfPage\":{\"@id\":\"https:\/\/nenabebe.pl\/shop\/podkolanowki\/podkolanowki-z-elegancka-kokardka-klasyczne-czarne\/#primaryimage\"},\"image\":{\"@id\":\"https:\/\/nenabebe.pl\/shop\/podkolanowki\/podkolanowki-z-elegancka-kokardka-klasyczne-czarne\/#primaryimage\"},\"thumbnailUrl\":\"https:\/\/nenabebe.pl\/wp-content\/uploads\/2025\/07\/2043a67f-afa6-4fc4-a5b8-d9af46bfcce4.jpg\",\"datePublished\":\"2025-07-04T09:12:08+00:00\",\"dateModified\":\"2025-10-23T10:13:45+00:00\",\"breadcrumb\":{\"@id\":\"https:\/\/nenabebe.pl\/shop\/podkolanowki\/podkolanowki-z-elegancka-kokardka-klasyczne-czarne\/#breadcrumb\"},\"inLanguage\":\"en-US\",\"potentialAction\":[{\"@type\":\"ReadAction\",\"target\":[\"https:\/\/nenabebe.pl\/shop\/podkolanowki\/podkolanowki-z-elegancka-kokardka-klasyczne-czarne\/\"]}]},{\"@type\":\"ImageObject\",\"inLanguage\":\"en-US\",\"@id\":\"https:\/\/nenabebe.pl\/shop\/podkolanowki\/podkolanowki-z-elegancka-kokardka-klasyczne-czarne\/#primaryimage\",\"url\":\"https:\/\/nenabebe.pl\/wp-content\/uploads\/2025\/07\/2043a67f-afa6-4fc4-a5b8-d9af46bfcce4.jpg\",\"contentUrl\":\"https:\/\/nenabebe.pl\/wp-content\/uploads\/2025\/07\/2043a67f-afa6-4fc4-a5b8-d9af46bfcce4.jpg\",\"width\":1036,\"height\":1600},{\"@type\":\"BreadcrumbList\",\"@id\":\"https:\/\/nenabebe.pl\/shop\/podkolanowki\/podkolanowki-z-elegancka-kokardka-klasyczne-czarne\/#breadcrumb\",\"itemListElement\":[{\"@type\":\"ListItem\",\"position\":1,\"name\":\"Strona g\u0142\u00f3wna\",\"item\":\"https:\/\/nenabebe.pl\/\"},{\"@type\":\"ListItem\",\"position\":2,\"name\":\"Shop\",\"item\":\"https:\/\/nenabebe.pl\/shop\/\"},{\"@type\":\"ListItem\",\"position\":3,\"name\":\"Podkolan\u00f3wki z eleganck\u0105 kokardk\u0105- Klasyczne Czarne\"}]},{\"@type\":\"WebSite\",\"@id\":\"https:\/\/nenabebe.pl\/#website\",\"url\":\"https:\/\/nenabebe.pl\/\",\"name\":\"Nenabebe\",\"description\":\"\",\"publisher\":{\"@id\":\"https:\/\/nenabebe.pl\/#organization\"},\"potentialAction\":[{\"@type\":\"SearchAction\",\"target\":{\"@type\":\"EntryPoint\",\"urlTemplate\":\"https:\/\/nenabebe.pl\/?s={search_term_string}\"},\"query-input\":\"required name=search_term_string\"}],\"inLanguage\":\"en-US\"},{\"@type\":\"Organization\",\"@id\":\"https:\/\/nenabebe.pl\/#organization\",\"name\":\"Nenabebe\",\"url\":\"https:\/\/nenabebe.pl\/\",\"logo\":{\"@type\":\"ImageObject\",\"inLanguage\":\"en-US\",\"@id\":\"https:\/\/nenabebe.pl\/#\/schema\/logo\/image\/\",\"url\":\"https:\/\/nenabebe.pl\/wp-content\/uploads\/2023\/10\/cropped-272435331_153866870320698_726710309931671166_n.jpg\",\"contentUrl\":\"https:\/\/nenabebe.pl\/wp-content\/uploads\/2023\/10\/cropped-272435331_153866870320698_726710309931671166_n.jpg\",\"width\":957,\"height\":702,\"caption\":\"Nenabebe\"},\"image\":{\"@id\":\"https:\/\/nenabebe.pl\/#\/schema\/logo\/image\/\"}}]}<\/script>\n<!-- \/ Yoast SEO plugin. -->","yoast_head_json":{"title":"Podkolan\u00f3wki z eleganck\u0105 kokardk\u0105- Klasyczne Czarne - Nenabebe","robots":{"index":"index","follow":"follow","max-snippet":"max-snippet:-1","max-image-preview":"max-image-preview:large","max-video-preview":"max-video-preview:-1"},"canonical":"https:\/\/nenabebe.pl\/shop\/podkolanowki\/podkolanowki-z-elegancka-kokardka-klasyczne-czarne\/","og_locale":"en_US","og_type":"article","og_title":"Podkolan\u00f3wki z eleganck\u0105 kokardk\u0105- Klasyczne Czarne - Nenabebe","og_url":"https:\/\/nenabebe.pl\/shop\/podkolanowki\/podkolanowki-z-elegancka-kokardka-klasyczne-czarne\/","og_site_name":"Nenabebe","article_modified_time":"2025-10-23T10:13:45+00:00","og_image":[{"width":1036,"height":1600,"url":"https:\/\/nenabebe.pl\/wp-content\/uploads\/2025\/07\/2043a67f-afa6-4fc4-a5b8-d9af46bfcce4.jpg","type":"image\/jpeg"}],"twitter_card":"summary_large_image","twitter_misc":{"Est. reading time":"1 minute"},"schema":{"@context":"https:\/\/schema.org","@graph":[{"@type":"WebPage","@id":"https:\/\/nenabebe.pl\/shop\/podkolanowki\/podkolanowki-z-elegancka-kokardka-klasyczne-czarne\/","url":"https:\/\/nenabebe.pl\/shop\/podkolanowki\/podkolanowki-z-elegancka-kokardka-klasyczne-czarne\/","name":"Podkolan\u00f3wki z eleganck\u0105 kokardk\u0105- Klasyczne Czarne - Nenabebe","isPartOf":{"@id":"https:\/\/nenabebe.pl\/#website"},"primaryImageOfPage":{"@id":"https:\/\/nenabebe.pl\/shop\/podkolanowki\/podkolanowki-z-elegancka-kokardka-klasyczne-czarne\/#primaryimage"},"image":{"@id":"https:\/\/nenabebe.pl\/shop\/podkolanowki\/podkolanowki-z-elegancka-kokardka-klasyczne-czarne\/#primaryimage"},"thumbnailUrl":"https:\/\/nenabebe.pl\/wp-content\/uploads\/2025\/07\/2043a67f-afa6-4fc4-a5b8-d9af46bfcce4.jpg","datePublished":"2025-07-04T09:12:08+00:00","dateModified":"2025-10-23T10:13:45+00:00","breadcrumb":{"@id":"https:\/\/nenabebe.pl\/shop\/podkolanowki\/podkolanowki-z-elegancka-kokardka-klasyczne-czarne\/#breadcrumb"},"inLanguage":"en-US","potentialAction":[{"@type":"ReadAction","target":["https:\/\/nenabebe.pl\/shop\/podkolanowki\/podkolanowki-z-elegancka-kokardka-klasyczne-czarne\/"]}]},{"@type":"ImageObject","inLanguage":"en-US","@id":"https:\/\/nenabebe.pl\/shop\/podkolanowki\/podkolanowki-z-elegancka-kokardka-klasyczne-czarne\/#primaryimage","url":"https:\/\/nenabebe.pl\/wp-content\/uploads\/2025\/07\/2043a67f-afa6-4fc4-a5b8-d9af46bfcce4.jpg","contentUrl":"https:\/\/nenabebe.pl\/wp-content\/uploads\/2025\/07\/2043a67f-afa6-4fc4-a5b8-d9af46bfcce4.jpg","width":1036,"height":1600},{"@type":"BreadcrumbList","@id":"https:\/\/nenabebe.pl\/shop\/podkolanowki\/podkolanowki-z-elegancka-kokardka-klasyczne-czarne\/#breadcrumb","itemListElement":[{"@type":"ListItem","position":1,"name":"Strona g\u0142\u00f3wna","item":"https:\/\/nenabebe.pl\/"},{"@type":"ListItem","position":2,"name":"Shop","item":"https:\/\/nenabebe.pl\/shop\/"},{"@type":"ListItem","position":3,"name":"Podkolan\u00f3wki z eleganck\u0105 kokardk\u0105- Klasyczne Czarne"}]},{"@type":"WebSite","@id":"https:\/\/nenabebe.pl\/#website","url":"https:\/\/nenabebe.pl\/","name":"Nenabebe","description":"","publisher":{"@id":"https:\/\/nenabebe.pl\/#organization"},"potentialAction":[{"@type":"SearchAction","target":{"@type":"EntryPoint","urlTemplate":"https:\/\/nenabebe.pl\/?s={search_term_string}"},"query-input":"required name=search_term_string"}],"inLanguage":"en-US"},{"@type":"Organization","@id":"https:\/\/nenabebe.pl\/#organization","name":"Nenabebe","url":"https:\/\/nenabebe.pl\/","logo":{"@type":"ImageObject","inLanguage":"en-US","@id":"https:\/\/nenabebe.pl\/#\/schema\/logo\/image\/","url":"https:\/\/nenabebe.pl\/wp-content\/uploads\/2023\/10\/cropped-272435331_153866870320698_726710309931671166_n.jpg","contentUrl":"https:\/\/nenabebe.pl\/wp-content\/uploads\/2023\/10\/cropped-272435331_153866870320698_726710309931671166_n.jpg","width":957,"height":702,"caption":"Nenabebe"},"image":{"@id":"https:\/\/nenabebe.pl\/#\/schema\/logo\/image\/"}}]}},"jetpack_sharing_enabled":true,"_links":{"self":[{"href":"https:\/\/nenabebe.pl\/en\/wp-json\/wp\/v2\/product\/5785","targetHints":{"allow":["GET"]}}],"collection":[{"href":"https:\/\/nenabebe.pl\/en\/wp-json\/wp\/v2\/product"}],"about":[{"href":"https:\/\/nenabebe.pl\/en\/wp-json\/wp\/v2\/types\/product"}],"replies":[{"embeddable":true,"href":"https:\/\/nenabebe.pl\/en\/wp-json\/wp\/v2\/comments?post=5785"}],"wp:featuredmedia":[{"embeddable":true,"href":"https:\/\/nenabebe.pl\/en\/wp-json\/wp\/v2\/media\/5793"}],"wp:attachment":[{"href":"https:\/\/nenabebe.pl\/en\/wp-json\/wp\/v2\/media?parent=5785"}],"wp:term":[{"taxonomy":"product_brand","embeddable":true,"href":"https:\/\/nenabebe.pl\/en\/wp-json\/wp\/v2\/product_brand?post=5785"},{"taxonomy":"product_cat","embeddable":true,"href":"https:\/\/nenabebe.pl\/en\/wp-json\/wp\/v2\/product_cat?post=5785"},{"taxonomy":"product_tag","embeddable":true,"href":"https:\/\/nenabebe.pl\/en\/wp-json\/wp\/v2\/product_tag?post=5785"}],"curies":[{"name":"wp","href":"https:\/\/api.w.org\/{rel}","templated":true}]}}