{"id":5865,"date":"2025-07-04T10:11:59","date_gmt":"2025-07-04T10:11:59","guid":{"rendered":"https:\/\/nenabebe.pl\/?post_type=product&#038;p=5865"},"modified":"2025-10-23T10:02:56","modified_gmt":"2025-10-23T10:02:56","slug":"gumki-do-wlosow-skrzydelka","status":"publish","type":"product","link":"https:\/\/nenabebe.pl\/en\/shop\/hair-accessories\/gumki-do-wlosow-skrzydelka\/","title":{"rendered":"Gumki do w\u0142os\u00f3w-Skrzyde\u0142ka"},"content":{"rendered":"<p data-start=\"181\" data-end=\"434\"><strong data-start=\"181\" data-end=\"199\">Opis produktu:<\/strong><br data-start=\"199\" data-end=\"202\" \/>Delikatne, trwa\u0142e i pe\u0142ne uroku \u2013 nasze <strong data-start=\"242\" data-end=\"277\">gumki do w\u0142os\u00f3w ze skrzyde\u0142kami<\/strong> to praktyczny dodatek, kt\u00f3ry zachwyca nie tylko wygl\u0105dem, ale te\u017c jako\u015bci\u0105 wykonania. Idealne do ka\u017cdego rodzaju w\u0142os\u00f3w \u2013 zar\u00f3wno cienkich, jak i g\u0119stszych.<\/p>\n<p data-start=\"436\" data-end=\"590\">\ud83d\udc7c <strong data-start=\"439\" data-end=\"493\">Skrzyde\u0142ka s\u0105 doszywane r\u0119cznie \u2013 bez u\u017cycia kleju<\/strong>, dzi\u0119ki czemu s\u0105 trwalsze, bezpieczne i estetyczne. To staranne wykonanie, kt\u00f3re wida\u0107 z bliska.<\/p>\n<hr data-start=\"592\" data-end=\"595\" \/>\n<p data-start=\"597\" data-end=\"618\"><strong data-start=\"597\" data-end=\"616\">Cechy produktu:<\/strong><\/p>\n<ul data-start=\"619\" data-end=\"880\">\n<li data-start=\"619\" data-end=\"657\">\n<p data-start=\"621\" data-end=\"657\">\u2705 Pasuj\u0105 do ka\u017cdego rodzaju w\u0142os\u00f3w<\/p>\n<\/li>\n<li data-start=\"658\" data-end=\"720\">\n<p data-start=\"660\" data-end=\"720\">\u2705 Elastyczne i delikatne \u2013 nie wyrywaj\u0105 i nie \u0142ami\u0105 w\u0142os\u00f3w<\/p>\n<\/li>\n<li data-start=\"721\" data-end=\"794\">\n<p data-start=\"723\" data-end=\"794\">\u2705 R\u0119cznie doszywane skrzyde\u0142ka \u2013 bez kleju, z dba\u0142o\u015bci\u0105 o ka\u017cdy detal<\/p>\n<\/li>\n<li data-start=\"795\" data-end=\"830\">\n<p data-start=\"797\" data-end=\"830\">\u2705 Trwa\u0142e i wielokrotnego u\u017cytku<\/p>\n<\/li>\n<li data-start=\"831\" data-end=\"880\">\n<p data-start=\"833\" data-end=\"880\">\u2705 Must have dla ma\u0142ych fanek stylowych fryzur<\/p>\n<\/li>\n<\/ul>\n<p data-start=\"882\" data-end=\"992\"><strong data-start=\"882\" data-end=\"899\">Zastosowanie:<\/strong><br data-start=\"899\" data-end=\"902\" \/>Do codziennych stylizacji, przedszkola, szko\u0142y, sesji zdj\u0119ciowych czy na wyj\u0105tkowe okazje.<\/p>\n","protected":false},"excerpt":{"rendered":"<p>Opis produktu:Delikatne, trwa\u0142e i pe\u0142ne uroku \u2013 nasze gumki do w\u0142os\u00f3w ze skrzyde\u0142kami to praktyczny dodatek, kt\u00f3ry zachwyca nie tylko wygl\u0105dem, ale te\u017c jako\u015bci\u0105 wykonania. Idealne do ka\u017cdego rodzaju w\u0142os\u00f3w \u2013 zar\u00f3wno cienkich, jak i g\u0119stszych. \ud83d\udc7c Skrzyde\u0142ka s\u0105 doszywane r\u0119cznie \u2013 bez u\u017cycia kleju, dzi\u0119ki czemu s\u0105 trwalsze, bezpieczne i estetyczne. To staranne wykonanie, [&hellip;]<\/p>\n","protected":false},"featured_media":5871,"comment_status":"open","ping_status":"closed","template":"","meta":{"site-sidebar-layout":"default","site-content-layout":"","ast-site-content-layout":"default","site-content-style":"default","site-sidebar-style":"default","ast-global-header-display":"","ast-banner-title-visibility":"","ast-main-header-display":"","ast-hfb-above-header-display":"","ast-hfb-below-header-display":"","ast-hfb-mobile-header-display":"","site-post-title":"","ast-breadcrumbs-content":"","ast-featured-img":"","footer-sml-layout":"","theme-transparent-header-meta":"default","adv-header-id-meta":"","stick-header-meta":"","header-above-stick-meta":"","header-main-stick-meta":"","header-below-stick-meta":"","astra-migrate-meta-layouts":"set","ast-page-background-enabled":"default","ast-page-background-meta":{"desktop":{"background-color":"","background-image":"","background-repeat":"repeat","background-position":"center center","background-size":"auto","background-attachment":"scroll","background-type":"","background-media":"","overlay-type":"","overlay-color":"","overlay-opacity":"","overlay-gradient":""},"tablet":{"background-color":"","background-image":"","background-repeat":"repeat","background-position":"center center","background-size":"auto","background-attachment":"scroll","background-type":"","background-media":"","overlay-type":"","overlay-color":"","overlay-opacity":"","overlay-gradient":""},"mobile":{"background-color":"","background-image":"","background-repeat":"repeat","background-position":"center center","background-size":"auto","background-attachment":"scroll","background-type":"","background-media":"","overlay-type":"","overlay-color":"","overlay-opacity":"","overlay-gradient":""}},"ast-content-background-meta":{"desktop":{"background-color":"var(--ast-global-color-5)","background-image":"","background-repeat":"repeat","background-position":"center center","background-size":"auto","background-attachment":"scroll","background-type":"","background-media":"","overlay-type":"","overlay-color":"","overlay-opacity":"","overlay-gradient":""},"tablet":{"background-color":"var(--ast-global-color-5)","background-image":"","background-repeat":"repeat","background-position":"center center","background-size":"auto","background-attachment":"scroll","background-type":"","background-media":"","overlay-type":"","overlay-color":"","overlay-opacity":"","overlay-gradient":""},"mobile":{"background-color":"var(--ast-global-color-5)","background-image":"","background-repeat":"repeat","background-position":"center center","background-size":"auto","background-attachment":"scroll","background-type":"","background-media":"","overlay-type":"","overlay-color":"","overlay-opacity":"","overlay-gradient":""}}},"product_brand":[],"product_cat":[68],"product_tag":[],"class_list":{"0":"post-5865","1":"product","2":"type-product","3":"status-publish","4":"has-post-thumbnail","6":"product_cat-akcecoria-do-wlosow","7":"desktop-align-center","8":"tablet-align-left","9":"mobile-align-left","11":"first","12":"instock","13":"shipping-taxable","14":"purchasable","15":"product-type-variable"},"yoast_head":"<!-- This site is optimized with the Yoast SEO plugin v22.8 - https:\/\/yoast.com\/wordpress\/plugins\/seo\/ -->\n<title>Gumki do w\u0142os\u00f3w-Skrzyde\u0142ka - Nenabebe<\/title>\n<meta name=\"robots\" content=\"index, follow, max-snippet:-1, max-image-preview:large, max-video-preview:-1\" \/>\n<link rel=\"canonical\" href=\"https:\/\/nenabebe.pl\/shop\/akcecoria-do-wlosow\/gumki-do-wlosow-skrzydelka\/\" \/>\n<meta property=\"og:locale\" content=\"en_US\" \/>\n<meta property=\"og:type\" content=\"article\" \/>\n<meta property=\"og:title\" content=\"Gumki do w\u0142os\u00f3w-Skrzyde\u0142ka - Nenabebe\" \/>\n<meta property=\"og:description\" content=\"Opis produktu:Delikatne, trwa\u0142e i pe\u0142ne uroku \u2013 nasze gumki do w\u0142os\u00f3w ze skrzyde\u0142kami to praktyczny dodatek, kt\u00f3ry zachwyca nie tylko wygl\u0105dem, ale te\u017c jako\u015bci\u0105 wykonania. Idealne do ka\u017cdego rodzaju w\u0142os\u00f3w \u2013 zar\u00f3wno cienkich, jak i g\u0119stszych. \ud83d\udc7c Skrzyde\u0142ka s\u0105 doszywane r\u0119cznie \u2013 bez u\u017cycia kleju, dzi\u0119ki czemu s\u0105 trwalsze, bezpieczne i estetyczne. To staranne wykonanie, [&hellip;]\" \/>\n<meta property=\"og:url\" content=\"https:\/\/nenabebe.pl\/shop\/akcecoria-do-wlosow\/gumki-do-wlosow-skrzydelka\/\" \/>\n<meta property=\"og:site_name\" content=\"Nenabebe\" \/>\n<meta property=\"article:modified_time\" content=\"2025-10-23T10:02:56+00:00\" \/>\n<meta property=\"og:image\" content=\"https:\/\/nenabebe.pl\/wp-content\/uploads\/2025\/07\/IMG_1283.jpg\" \/>\n\t<meta property=\"og:image:width\" content=\"1644\" \/>\n\t<meta property=\"og:image:height\" content=\"1155\" \/>\n\t<meta property=\"og:image:type\" content=\"image\/jpeg\" \/>\n<meta name=\"twitter:card\" content=\"summary_large_image\" \/>\n<meta name=\"twitter:label1\" content=\"Est. reading time\" \/>\n\t<meta name=\"twitter:data1\" content=\"1 minute\" \/>\n<script type=\"application\/ld+json\" class=\"yoast-schema-graph\">{\"@context\":\"https:\/\/schema.org\",\"@graph\":[{\"@type\":\"WebPage\",\"@id\":\"https:\/\/nenabebe.pl\/shop\/akcecoria-do-wlosow\/gumki-do-wlosow-skrzydelka\/\",\"url\":\"https:\/\/nenabebe.pl\/shop\/akcecoria-do-wlosow\/gumki-do-wlosow-skrzydelka\/\",\"name\":\"Gumki do w\u0142os\u00f3w-Skrzyde\u0142ka - Nenabebe\",\"isPartOf\":{\"@id\":\"https:\/\/nenabebe.pl\/#website\"},\"primaryImageOfPage\":{\"@id\":\"https:\/\/nenabebe.pl\/shop\/akcecoria-do-wlosow\/gumki-do-wlosow-skrzydelka\/#primaryimage\"},\"image\":{\"@id\":\"https:\/\/nenabebe.pl\/shop\/akcecoria-do-wlosow\/gumki-do-wlosow-skrzydelka\/#primaryimage\"},\"thumbnailUrl\":\"https:\/\/nenabebe.pl\/wp-content\/uploads\/2025\/07\/IMG_1283.jpg\",\"datePublished\":\"2025-07-04T10:11:59+00:00\",\"dateModified\":\"2025-10-23T10:02:56+00:00\",\"breadcrumb\":{\"@id\":\"https:\/\/nenabebe.pl\/shop\/akcecoria-do-wlosow\/gumki-do-wlosow-skrzydelka\/#breadcrumb\"},\"inLanguage\":\"en-US\",\"potentialAction\":[{\"@type\":\"ReadAction\",\"target\":[\"https:\/\/nenabebe.pl\/shop\/akcecoria-do-wlosow\/gumki-do-wlosow-skrzydelka\/\"]}]},{\"@type\":\"ImageObject\",\"inLanguage\":\"en-US\",\"@id\":\"https:\/\/nenabebe.pl\/shop\/akcecoria-do-wlosow\/gumki-do-wlosow-skrzydelka\/#primaryimage\",\"url\":\"https:\/\/nenabebe.pl\/wp-content\/uploads\/2025\/07\/IMG_1283.jpg\",\"contentUrl\":\"https:\/\/nenabebe.pl\/wp-content\/uploads\/2025\/07\/IMG_1283.jpg\",\"width\":1644,\"height\":1155},{\"@type\":\"BreadcrumbList\",\"@id\":\"https:\/\/nenabebe.pl\/shop\/akcecoria-do-wlosow\/gumki-do-wlosow-skrzydelka\/#breadcrumb\",\"itemListElement\":[{\"@type\":\"ListItem\",\"position\":1,\"name\":\"Strona g\u0142\u00f3wna\",\"item\":\"https:\/\/nenabebe.pl\/\"},{\"@type\":\"ListItem\",\"position\":2,\"name\":\"Shop\",\"item\":\"https:\/\/nenabebe.pl\/shop\/\"},{\"@type\":\"ListItem\",\"position\":3,\"name\":\"Gumki do w\u0142os\u00f3w-Skrzyde\u0142ka\"}]},{\"@type\":\"WebSite\",\"@id\":\"https:\/\/nenabebe.pl\/#website\",\"url\":\"https:\/\/nenabebe.pl\/\",\"name\":\"Nenabebe\",\"description\":\"\",\"publisher\":{\"@id\":\"https:\/\/nenabebe.pl\/#organization\"},\"potentialAction\":[{\"@type\":\"SearchAction\",\"target\":{\"@type\":\"EntryPoint\",\"urlTemplate\":\"https:\/\/nenabebe.pl\/?s={search_term_string}\"},\"query-input\":\"required name=search_term_string\"}],\"inLanguage\":\"en-US\"},{\"@type\":\"Organization\",\"@id\":\"https:\/\/nenabebe.pl\/#organization\",\"name\":\"Nenabebe\",\"url\":\"https:\/\/nenabebe.pl\/\",\"logo\":{\"@type\":\"ImageObject\",\"inLanguage\":\"en-US\",\"@id\":\"https:\/\/nenabebe.pl\/#\/schema\/logo\/image\/\",\"url\":\"https:\/\/nenabebe.pl\/wp-content\/uploads\/2023\/10\/cropped-272435331_153866870320698_726710309931671166_n.jpg\",\"contentUrl\":\"https:\/\/nenabebe.pl\/wp-content\/uploads\/2023\/10\/cropped-272435331_153866870320698_726710309931671166_n.jpg\",\"width\":957,\"height\":702,\"caption\":\"Nenabebe\"},\"image\":{\"@id\":\"https:\/\/nenabebe.pl\/#\/schema\/logo\/image\/\"}}]}<\/script>\n<!-- \/ Yoast SEO plugin. -->","yoast_head_json":{"title":"Gumki do w\u0142os\u00f3w-Skrzyde\u0142ka - Nenabebe","robots":{"index":"index","follow":"follow","max-snippet":"max-snippet:-1","max-image-preview":"max-image-preview:large","max-video-preview":"max-video-preview:-1"},"canonical":"https:\/\/nenabebe.pl\/shop\/akcecoria-do-wlosow\/gumki-do-wlosow-skrzydelka\/","og_locale":"en_US","og_type":"article","og_title":"Gumki do w\u0142os\u00f3w-Skrzyde\u0142ka - Nenabebe","og_description":"Opis produktu:Delikatne, trwa\u0142e i pe\u0142ne uroku \u2013 nasze gumki do w\u0142os\u00f3w ze skrzyde\u0142kami to praktyczny dodatek, kt\u00f3ry zachwyca nie tylko wygl\u0105dem, ale te\u017c jako\u015bci\u0105 wykonania. Idealne do ka\u017cdego rodzaju w\u0142os\u00f3w \u2013 zar\u00f3wno cienkich, jak i g\u0119stszych. \ud83d\udc7c Skrzyde\u0142ka s\u0105 doszywane r\u0119cznie \u2013 bez u\u017cycia kleju, dzi\u0119ki czemu s\u0105 trwalsze, bezpieczne i estetyczne. To staranne wykonanie, [&hellip;]","og_url":"https:\/\/nenabebe.pl\/shop\/akcecoria-do-wlosow\/gumki-do-wlosow-skrzydelka\/","og_site_name":"Nenabebe","article_modified_time":"2025-10-23T10:02:56+00:00","og_image":[{"width":1644,"height":1155,"url":"https:\/\/nenabebe.pl\/wp-content\/uploads\/2025\/07\/IMG_1283.jpg","type":"image\/jpeg"}],"twitter_card":"summary_large_image","twitter_misc":{"Est. reading time":"1 minute"},"schema":{"@context":"https:\/\/schema.org","@graph":[{"@type":"WebPage","@id":"https:\/\/nenabebe.pl\/shop\/akcecoria-do-wlosow\/gumki-do-wlosow-skrzydelka\/","url":"https:\/\/nenabebe.pl\/shop\/akcecoria-do-wlosow\/gumki-do-wlosow-skrzydelka\/","name":"Gumki do w\u0142os\u00f3w-Skrzyde\u0142ka - Nenabebe","isPartOf":{"@id":"https:\/\/nenabebe.pl\/#website"},"primaryImageOfPage":{"@id":"https:\/\/nenabebe.pl\/shop\/akcecoria-do-wlosow\/gumki-do-wlosow-skrzydelka\/#primaryimage"},"image":{"@id":"https:\/\/nenabebe.pl\/shop\/akcecoria-do-wlosow\/gumki-do-wlosow-skrzydelka\/#primaryimage"},"thumbnailUrl":"https:\/\/nenabebe.pl\/wp-content\/uploads\/2025\/07\/IMG_1283.jpg","datePublished":"2025-07-04T10:11:59+00:00","dateModified":"2025-10-23T10:02:56+00:00","breadcrumb":{"@id":"https:\/\/nenabebe.pl\/shop\/akcecoria-do-wlosow\/gumki-do-wlosow-skrzydelka\/#breadcrumb"},"inLanguage":"en-US","potentialAction":[{"@type":"ReadAction","target":["https:\/\/nenabebe.pl\/shop\/akcecoria-do-wlosow\/gumki-do-wlosow-skrzydelka\/"]}]},{"@type":"ImageObject","inLanguage":"en-US","@id":"https:\/\/nenabebe.pl\/shop\/akcecoria-do-wlosow\/gumki-do-wlosow-skrzydelka\/#primaryimage","url":"https:\/\/nenabebe.pl\/wp-content\/uploads\/2025\/07\/IMG_1283.jpg","contentUrl":"https:\/\/nenabebe.pl\/wp-content\/uploads\/2025\/07\/IMG_1283.jpg","width":1644,"height":1155},{"@type":"BreadcrumbList","@id":"https:\/\/nenabebe.pl\/shop\/akcecoria-do-wlosow\/gumki-do-wlosow-skrzydelka\/#breadcrumb","itemListElement":[{"@type":"ListItem","position":1,"name":"Strona g\u0142\u00f3wna","item":"https:\/\/nenabebe.pl\/"},{"@type":"ListItem","position":2,"name":"Shop","item":"https:\/\/nenabebe.pl\/shop\/"},{"@type":"ListItem","position":3,"name":"Gumki do w\u0142os\u00f3w-Skrzyde\u0142ka"}]},{"@type":"WebSite","@id":"https:\/\/nenabebe.pl\/#website","url":"https:\/\/nenabebe.pl\/","name":"Nenabebe","description":"","publisher":{"@id":"https:\/\/nenabebe.pl\/#organization"},"potentialAction":[{"@type":"SearchAction","target":{"@type":"EntryPoint","urlTemplate":"https:\/\/nenabebe.pl\/?s={search_term_string}"},"query-input":"required name=search_term_string"}],"inLanguage":"en-US"},{"@type":"Organization","@id":"https:\/\/nenabebe.pl\/#organization","name":"Nenabebe","url":"https:\/\/nenabebe.pl\/","logo":{"@type":"ImageObject","inLanguage":"en-US","@id":"https:\/\/nenabebe.pl\/#\/schema\/logo\/image\/","url":"https:\/\/nenabebe.pl\/wp-content\/uploads\/2023\/10\/cropped-272435331_153866870320698_726710309931671166_n.jpg","contentUrl":"https:\/\/nenabebe.pl\/wp-content\/uploads\/2023\/10\/cropped-272435331_153866870320698_726710309931671166_n.jpg","width":957,"height":702,"caption":"Nenabebe"},"image":{"@id":"https:\/\/nenabebe.pl\/#\/schema\/logo\/image\/"}}]}},"jetpack_sharing_enabled":true,"_links":{"self":[{"href":"https:\/\/nenabebe.pl\/en\/wp-json\/wp\/v2\/product\/5865","targetHints":{"allow":["GET"]}}],"collection":[{"href":"https:\/\/nenabebe.pl\/en\/wp-json\/wp\/v2\/product"}],"about":[{"href":"https:\/\/nenabebe.pl\/en\/wp-json\/wp\/v2\/types\/product"}],"replies":[{"embeddable":true,"href":"https:\/\/nenabebe.pl\/en\/wp-json\/wp\/v2\/comments?post=5865"}],"wp:featuredmedia":[{"embeddable":true,"href":"https:\/\/nenabebe.pl\/en\/wp-json\/wp\/v2\/media\/5871"}],"wp:attachment":[{"href":"https:\/\/nenabebe.pl\/en\/wp-json\/wp\/v2\/media?parent=5865"}],"wp:term":[{"taxonomy":"product_brand","embeddable":true,"href":"https:\/\/nenabebe.pl\/en\/wp-json\/wp\/v2\/product_brand?post=5865"},{"taxonomy":"product_cat","embeddable":true,"href":"https:\/\/nenabebe.pl\/en\/wp-json\/wp\/v2\/product_cat?post=5865"},{"taxonomy":"product_tag","embeddable":true,"href":"https:\/\/nenabebe.pl\/en\/wp-json\/wp\/v2\/product_tag?post=5865"}],"curies":[{"name":"wp","href":"https:\/\/api.w.org\/{rel}","templated":true}]}}