{"id":5983,"date":"2025-07-04T12:09:39","date_gmt":"2025-07-04T12:09:39","guid":{"rendered":"https:\/\/nenabebe.pl\/?post_type=product&#038;p=5983"},"modified":"2025-10-23T09:49:59","modified_gmt":"2025-10-23T09:49:59","slug":"rajstopy-cienkie-mikrofibra-rozowe","status":"publish","type":"product","link":"https:\/\/nenabebe.pl\/en\/shop\/tights\/openwork\/rajstopy-cienkie-mikrofibra-rozowe\/","title":{"rendered":"Rajstopy cienkie-Mikrofibra-R\u00f3\u017cowe"},"content":{"rendered":"<p data-start=\"142\" data-end=\"468\"><strong data-start=\"142\" data-end=\"160\">Opis produktu:<\/strong><br data-start=\"160\" data-end=\"163\" \/><strong data-start=\"163\" data-end=\"202\">Elegancja i wygoda na ka\u017cd\u0105 okazj\u0119.<\/strong><br data-start=\"202\" data-end=\"205\" \/>Nasze <strong data-start=\"211\" data-end=\"254\">rajstopy z mikrofibry w klasycznym r\u00f3\u017cu<\/strong> to idealny wyb\u00f3r dla dziewczynek, kt\u00f3re lubi\u0105 ponadczasowy, dziewcz\u0119cy styl. Mi\u0119kkie, lekkie i elastyczne \u2013 zapewniaj\u0105 komfort przez ca\u0142y dzie\u0144 i pi\u0119knie uzupe\u0142niaj\u0105 zar\u00f3wno codzienne, jak i eleganckie stylizacje.<\/p>\n<hr data-start=\"470\" data-end=\"473\" \/>\n<p data-start=\"475\" data-end=\"494\"><strong data-start=\"475\" data-end=\"494\">Cechy produktu:<\/strong><\/p>\n<p data-start=\"496\" data-end=\"859\">\u2705 Wykonane z delikatnej mikrofibry \u2013 przewiewne, elastyczne i przyjemne w dotyku<br data-start=\"576\" data-end=\"579\" \/>\u2705 <strong data-start=\"581\" data-end=\"598\">Klasyczny r\u00f3\u017c<\/strong> \u2013 uniwersalny i ponadczasowy kolor dla ma\u0142ych elegantek<br data-start=\"654\" data-end=\"657\" \/>\u2705 G\u0142adka struktura \u2013 idealne dopasowanie, bez marszczenia<br data-start=\"714\" data-end=\"717\" \/>\u2705 Trwa\u0142e \u2013 nie mechac\u0105 si\u0119 i nie trac\u0105 kszta\u0142tu po praniu<br data-start=\"774\" data-end=\"777\" \/>\u2705 Idealne na: przedszkole, szko\u0142\u0119, \u015bwi\u0119ta, przyj\u0119cia, urodziny i codzienne wyj\u015bcia<\/p>\n<hr data-start=\"861\" data-end=\"864\" \/>\n<p data-start=\"866\" data-end=\"949\"><strong data-start=\"866\" data-end=\"883\">Zastosowanie:<\/strong><br data-start=\"883\" data-end=\"886\" \/>Stylowy i wygodny dodatek na co dzie\u0144 oraz na wyj\u0105tkowe okazje.<\/p>\n<p data-start=\"951\" data-end=\"1031\"><strong data-start=\"951\" data-end=\"967\">Piel\u0119gnacja:<\/strong><br data-start=\"967\" data-end=\"970\" \/>Pra\u0107 w 30\u00b0C na lewej stronie. Suszy\u0107 na p\u0142asko. Nie wybiela\u0107.<\/p>\n","protected":false},"excerpt":{"rendered":"<p><img fetchpriority=\"high\" decoding=\"async\" class=\"aligncenter size-full wp-image-3242\" src=\"https:\/\/nenabebe.pl\/wp-content\/uploads\/2023\/10\/rajstopy-glatkie.jpg\" alt=\"\" width=\"1730\" height=\"862\" srcset=\"https:\/\/nenabebe.pl\/wp-content\/uploads\/2023\/10\/rajstopy-glatkie.jpg 1730w, https:\/\/nenabebe.pl\/wp-content\/uploads\/2023\/10\/rajstopy-glatkie-300x149.jpg 300w, https:\/\/nenabebe.pl\/wp-content\/uploads\/2023\/10\/rajstopy-glatkie-1024x510.jpg 1024w, https:\/\/nenabebe.pl\/wp-content\/uploads\/2023\/10\/rajstopy-glatkie-768x383.jpg 768w, https:\/\/nenabebe.pl\/wp-content\/uploads\/2023\/10\/rajstopy-glatkie-1536x765.jpg 1536w, https:\/\/nenabebe.pl\/wp-content\/uploads\/2023\/10\/rajstopy-glatkie-1320x658.jpg 1320w, https:\/\/nenabebe.pl\/wp-content\/uploads\/2023\/10\/rajstopy-glatkie-600x299.jpg 600w\" sizes=\"(max-width: 1730px) 100vw, 1730px\" \/><\/p>\n","protected":false},"featured_media":5972,"comment_status":"open","ping_status":"closed","template":"","meta":{"site-sidebar-layout":"default","site-content-layout":"","ast-site-content-layout":"default","site-content-style":"default","site-sidebar-style":"default","ast-global-header-display":"","ast-banner-title-visibility":"","ast-main-header-display":"","ast-hfb-above-header-display":"","ast-hfb-below-header-display":"","ast-hfb-mobile-header-display":"","site-post-title":"","ast-breadcrumbs-content":"","ast-featured-img":"","footer-sml-layout":"","theme-transparent-header-meta":"default","adv-header-id-meta":"","stick-header-meta":"","header-above-stick-meta":"","header-main-stick-meta":"","header-below-stick-meta":"","astra-migrate-meta-layouts":"set","ast-page-background-enabled":"default","ast-page-background-meta":{"desktop":{"background-color":"","background-image":"","background-repeat":"repeat","background-position":"center center","background-size":"auto","background-attachment":"scroll","background-type":"","background-media":"","overlay-type":"","overlay-color":"","overlay-opacity":"","overlay-gradient":""},"tablet":{"background-color":"","background-image":"","background-repeat":"repeat","background-position":"center center","background-size":"auto","background-attachment":"scroll","background-type":"","background-media":"","overlay-type":"","overlay-color":"","overlay-opacity":"","overlay-gradient":""},"mobile":{"background-color":"","background-image":"","background-repeat":"repeat","background-position":"center center","background-size":"auto","background-attachment":"scroll","background-type":"","background-media":"","overlay-type":"","overlay-color":"","overlay-opacity":"","overlay-gradient":""}},"ast-content-background-meta":{"desktop":{"background-color":"var(--ast-global-color-5)","background-image":"","background-repeat":"repeat","background-position":"center center","background-size":"auto","background-attachment":"scroll","background-type":"","background-media":"","overlay-type":"","overlay-color":"","overlay-opacity":"","overlay-gradient":""},"tablet":{"background-color":"var(--ast-global-color-5)","background-image":"","background-repeat":"repeat","background-position":"center center","background-size":"auto","background-attachment":"scroll","background-type":"","background-media":"","overlay-type":"","overlay-color":"","overlay-opacity":"","overlay-gradient":""},"mobile":{"background-color":"var(--ast-global-color-5)","background-image":"","background-repeat":"repeat","background-position":"center center","background-size":"auto","background-attachment":"scroll","background-type":"","background-media":"","overlay-type":"","overlay-color":"","overlay-opacity":"","overlay-gradient":""}}},"product_brand":[],"product_cat":[60,61,59],"product_tag":[],"class_list":{"0":"post-5983","1":"product","2":"type-product","3":"status-publish","4":"has-post-thumbnail","6":"product_cat-azurowe","7":"product_cat-bawelniane","8":"product_cat-rajstopy","9":"desktop-align-center","10":"tablet-align-left","11":"mobile-align-left","13":"first","14":"instock","15":"shipping-taxable","16":"purchasable","17":"product-type-variable"},"yoast_head":"<!-- This site is optimized with the Yoast SEO plugin v22.8 - https:\/\/yoast.com\/wordpress\/plugins\/seo\/ -->\n<title>Rajstopy cienkie-Mikrofibra-R\u00f3\u017cowe - Nenabebe<\/title>\n<meta name=\"robots\" content=\"index, follow, max-snippet:-1, max-image-preview:large, max-video-preview:-1\" \/>\n<link rel=\"canonical\" href=\"https:\/\/nenabebe.pl\/shop\/rajstopy\/azurowe\/rajstopy-cienkie-mikrofibra-rozowe\/\" \/>\n<meta property=\"og:locale\" content=\"en_US\" \/>\n<meta property=\"og:type\" content=\"article\" \/>\n<meta property=\"og:title\" content=\"Rajstopy cienkie-Mikrofibra-R\u00f3\u017cowe - Nenabebe\" \/>\n<meta property=\"og:url\" content=\"https:\/\/nenabebe.pl\/shop\/rajstopy\/azurowe\/rajstopy-cienkie-mikrofibra-rozowe\/\" \/>\n<meta property=\"og:site_name\" content=\"Nenabebe\" \/>\n<meta property=\"article:modified_time\" content=\"2025-10-23T09:49:59+00:00\" \/>\n<meta property=\"og:image\" content=\"https:\/\/nenabebe.pl\/wp-content\/uploads\/2025\/07\/IMG_8629.jpg\" \/>\n\t<meta property=\"og:image:width\" content=\"1284\" \/>\n\t<meta property=\"og:image:height\" content=\"1475\" \/>\n\t<meta property=\"og:image:type\" content=\"image\/jpeg\" \/>\n<meta name=\"twitter:card\" content=\"summary_large_image\" \/>\n<meta name=\"twitter:label1\" content=\"Est. reading time\" \/>\n\t<meta name=\"twitter:data1\" content=\"1 minute\" \/>\n<script type=\"application\/ld+json\" class=\"yoast-schema-graph\">{\"@context\":\"https:\/\/schema.org\",\"@graph\":[{\"@type\":\"WebPage\",\"@id\":\"https:\/\/nenabebe.pl\/shop\/rajstopy\/azurowe\/rajstopy-cienkie-mikrofibra-rozowe\/\",\"url\":\"https:\/\/nenabebe.pl\/shop\/rajstopy\/azurowe\/rajstopy-cienkie-mikrofibra-rozowe\/\",\"name\":\"Rajstopy cienkie-Mikrofibra-R\u00f3\u017cowe - Nenabebe\",\"isPartOf\":{\"@id\":\"https:\/\/nenabebe.pl\/#website\"},\"primaryImageOfPage\":{\"@id\":\"https:\/\/nenabebe.pl\/shop\/rajstopy\/azurowe\/rajstopy-cienkie-mikrofibra-rozowe\/#primaryimage\"},\"image\":{\"@id\":\"https:\/\/nenabebe.pl\/shop\/rajstopy\/azurowe\/rajstopy-cienkie-mikrofibra-rozowe\/#primaryimage\"},\"thumbnailUrl\":\"https:\/\/nenabebe.pl\/wp-content\/uploads\/2025\/07\/IMG_8629.jpg\",\"datePublished\":\"2025-07-04T12:09:39+00:00\",\"dateModified\":\"2025-10-23T09:49:59+00:00\",\"breadcrumb\":{\"@id\":\"https:\/\/nenabebe.pl\/shop\/rajstopy\/azurowe\/rajstopy-cienkie-mikrofibra-rozowe\/#breadcrumb\"},\"inLanguage\":\"en-US\",\"potentialAction\":[{\"@type\":\"ReadAction\",\"target\":[\"https:\/\/nenabebe.pl\/shop\/rajstopy\/azurowe\/rajstopy-cienkie-mikrofibra-rozowe\/\"]}]},{\"@type\":\"ImageObject\",\"inLanguage\":\"en-US\",\"@id\":\"https:\/\/nenabebe.pl\/shop\/rajstopy\/azurowe\/rajstopy-cienkie-mikrofibra-rozowe\/#primaryimage\",\"url\":\"https:\/\/nenabebe.pl\/wp-content\/uploads\/2025\/07\/IMG_8629.jpg\",\"contentUrl\":\"https:\/\/nenabebe.pl\/wp-content\/uploads\/2025\/07\/IMG_8629.jpg\",\"width\":1284,\"height\":1475},{\"@type\":\"BreadcrumbList\",\"@id\":\"https:\/\/nenabebe.pl\/shop\/rajstopy\/azurowe\/rajstopy-cienkie-mikrofibra-rozowe\/#breadcrumb\",\"itemListElement\":[{\"@type\":\"ListItem\",\"position\":1,\"name\":\"Strona g\u0142\u00f3wna\",\"item\":\"https:\/\/nenabebe.pl\/\"},{\"@type\":\"ListItem\",\"position\":2,\"name\":\"Shop\",\"item\":\"https:\/\/nenabebe.pl\/shop\/\"},{\"@type\":\"ListItem\",\"position\":3,\"name\":\"Rajstopy cienkie-Mikrofibra-R\u00f3\u017cowe\"}]},{\"@type\":\"WebSite\",\"@id\":\"https:\/\/nenabebe.pl\/#website\",\"url\":\"https:\/\/nenabebe.pl\/\",\"name\":\"Nenabebe\",\"description\":\"\",\"publisher\":{\"@id\":\"https:\/\/nenabebe.pl\/#organization\"},\"potentialAction\":[{\"@type\":\"SearchAction\",\"target\":{\"@type\":\"EntryPoint\",\"urlTemplate\":\"https:\/\/nenabebe.pl\/?s={search_term_string}\"},\"query-input\":\"required name=search_term_string\"}],\"inLanguage\":\"en-US\"},{\"@type\":\"Organization\",\"@id\":\"https:\/\/nenabebe.pl\/#organization\",\"name\":\"Nenabebe\",\"url\":\"https:\/\/nenabebe.pl\/\",\"logo\":{\"@type\":\"ImageObject\",\"inLanguage\":\"en-US\",\"@id\":\"https:\/\/nenabebe.pl\/#\/schema\/logo\/image\/\",\"url\":\"https:\/\/nenabebe.pl\/wp-content\/uploads\/2023\/10\/cropped-272435331_153866870320698_726710309931671166_n.jpg\",\"contentUrl\":\"https:\/\/nenabebe.pl\/wp-content\/uploads\/2023\/10\/cropped-272435331_153866870320698_726710309931671166_n.jpg\",\"width\":957,\"height\":702,\"caption\":\"Nenabebe\"},\"image\":{\"@id\":\"https:\/\/nenabebe.pl\/#\/schema\/logo\/image\/\"}}]}<\/script>\n<!-- \/ Yoast SEO plugin. -->","yoast_head_json":{"title":"Rajstopy cienkie-Mikrofibra-R\u00f3\u017cowe - Nenabebe","robots":{"index":"index","follow":"follow","max-snippet":"max-snippet:-1","max-image-preview":"max-image-preview:large","max-video-preview":"max-video-preview:-1"},"canonical":"https:\/\/nenabebe.pl\/shop\/rajstopy\/azurowe\/rajstopy-cienkie-mikrofibra-rozowe\/","og_locale":"en_US","og_type":"article","og_title":"Rajstopy cienkie-Mikrofibra-R\u00f3\u017cowe - Nenabebe","og_url":"https:\/\/nenabebe.pl\/shop\/rajstopy\/azurowe\/rajstopy-cienkie-mikrofibra-rozowe\/","og_site_name":"Nenabebe","article_modified_time":"2025-10-23T09:49:59+00:00","og_image":[{"width":1284,"height":1475,"url":"https:\/\/nenabebe.pl\/wp-content\/uploads\/2025\/07\/IMG_8629.jpg","type":"image\/jpeg"}],"twitter_card":"summary_large_image","twitter_misc":{"Est. reading time":"1 minute"},"schema":{"@context":"https:\/\/schema.org","@graph":[{"@type":"WebPage","@id":"https:\/\/nenabebe.pl\/shop\/rajstopy\/azurowe\/rajstopy-cienkie-mikrofibra-rozowe\/","url":"https:\/\/nenabebe.pl\/shop\/rajstopy\/azurowe\/rajstopy-cienkie-mikrofibra-rozowe\/","name":"Rajstopy cienkie-Mikrofibra-R\u00f3\u017cowe - Nenabebe","isPartOf":{"@id":"https:\/\/nenabebe.pl\/#website"},"primaryImageOfPage":{"@id":"https:\/\/nenabebe.pl\/shop\/rajstopy\/azurowe\/rajstopy-cienkie-mikrofibra-rozowe\/#primaryimage"},"image":{"@id":"https:\/\/nenabebe.pl\/shop\/rajstopy\/azurowe\/rajstopy-cienkie-mikrofibra-rozowe\/#primaryimage"},"thumbnailUrl":"https:\/\/nenabebe.pl\/wp-content\/uploads\/2025\/07\/IMG_8629.jpg","datePublished":"2025-07-04T12:09:39+00:00","dateModified":"2025-10-23T09:49:59+00:00","breadcrumb":{"@id":"https:\/\/nenabebe.pl\/shop\/rajstopy\/azurowe\/rajstopy-cienkie-mikrofibra-rozowe\/#breadcrumb"},"inLanguage":"en-US","potentialAction":[{"@type":"ReadAction","target":["https:\/\/nenabebe.pl\/shop\/rajstopy\/azurowe\/rajstopy-cienkie-mikrofibra-rozowe\/"]}]},{"@type":"ImageObject","inLanguage":"en-US","@id":"https:\/\/nenabebe.pl\/shop\/rajstopy\/azurowe\/rajstopy-cienkie-mikrofibra-rozowe\/#primaryimage","url":"https:\/\/nenabebe.pl\/wp-content\/uploads\/2025\/07\/IMG_8629.jpg","contentUrl":"https:\/\/nenabebe.pl\/wp-content\/uploads\/2025\/07\/IMG_8629.jpg","width":1284,"height":1475},{"@type":"BreadcrumbList","@id":"https:\/\/nenabebe.pl\/shop\/rajstopy\/azurowe\/rajstopy-cienkie-mikrofibra-rozowe\/#breadcrumb","itemListElement":[{"@type":"ListItem","position":1,"name":"Strona g\u0142\u00f3wna","item":"https:\/\/nenabebe.pl\/"},{"@type":"ListItem","position":2,"name":"Shop","item":"https:\/\/nenabebe.pl\/shop\/"},{"@type":"ListItem","position":3,"name":"Rajstopy cienkie-Mikrofibra-R\u00f3\u017cowe"}]},{"@type":"WebSite","@id":"https:\/\/nenabebe.pl\/#website","url":"https:\/\/nenabebe.pl\/","name":"Nenabebe","description":"","publisher":{"@id":"https:\/\/nenabebe.pl\/#organization"},"potentialAction":[{"@type":"SearchAction","target":{"@type":"EntryPoint","urlTemplate":"https:\/\/nenabebe.pl\/?s={search_term_string}"},"query-input":"required name=search_term_string"}],"inLanguage":"en-US"},{"@type":"Organization","@id":"https:\/\/nenabebe.pl\/#organization","name":"Nenabebe","url":"https:\/\/nenabebe.pl\/","logo":{"@type":"ImageObject","inLanguage":"en-US","@id":"https:\/\/nenabebe.pl\/#\/schema\/logo\/image\/","url":"https:\/\/nenabebe.pl\/wp-content\/uploads\/2023\/10\/cropped-272435331_153866870320698_726710309931671166_n.jpg","contentUrl":"https:\/\/nenabebe.pl\/wp-content\/uploads\/2023\/10\/cropped-272435331_153866870320698_726710309931671166_n.jpg","width":957,"height":702,"caption":"Nenabebe"},"image":{"@id":"https:\/\/nenabebe.pl\/#\/schema\/logo\/image\/"}}]}},"jetpack_sharing_enabled":true,"_links":{"self":[{"href":"https:\/\/nenabebe.pl\/en\/wp-json\/wp\/v2\/product\/5983","targetHints":{"allow":["GET"]}}],"collection":[{"href":"https:\/\/nenabebe.pl\/en\/wp-json\/wp\/v2\/product"}],"about":[{"href":"https:\/\/nenabebe.pl\/en\/wp-json\/wp\/v2\/types\/product"}],"replies":[{"embeddable":true,"href":"https:\/\/nenabebe.pl\/en\/wp-json\/wp\/v2\/comments?post=5983"}],"wp:featuredmedia":[{"embeddable":true,"href":"https:\/\/nenabebe.pl\/en\/wp-json\/wp\/v2\/media\/5972"}],"wp:attachment":[{"href":"https:\/\/nenabebe.pl\/en\/wp-json\/wp\/v2\/media?parent=5983"}],"wp:term":[{"taxonomy":"product_brand","embeddable":true,"href":"https:\/\/nenabebe.pl\/en\/wp-json\/wp\/v2\/product_brand?post=5983"},{"taxonomy":"product_cat","embeddable":true,"href":"https:\/\/nenabebe.pl\/en\/wp-json\/wp\/v2\/product_cat?post=5983"},{"taxonomy":"product_tag","embeddable":true,"href":"https:\/\/nenabebe.pl\/en\/wp-json\/wp\/v2\/product_tag?post=5983"}],"curies":[{"name":"wp","href":"https:\/\/api.w.org\/{rel}","templated":true}]}}